{"id":122,"date":"2011-04-27T22:18:41","date_gmt":"2011-04-27T22:18:41","guid":{"rendered":"https:\/\/www.mileendmission.org\/?page_id=122"},"modified":"2025-01-06T10:57:03","modified_gmt":"2025-01-06T15:57:03","slug":"horaire","status":"publish","type":"page","link":"https:\/\/www.mileendmission.org\/fr\/horaire\/","title":{"rendered":"Horaires"},"content":{"rendered":"<p><a href=\"https:\/\/www.mileendmission.org\/fr\/events\/\">Cliquez ici<\/a> pour voir les activit\u00e9s et les \u00e9v\u00e9nements \u00e0 la Mission.<\/p>\n<p><img loading=\"lazy\" decoding=\"async\" class=\"aligncenter size-large wp-image-5551\" src=\"https:\/\/www.mileendmission.org\/wp-content\/uploads\/2025\/01\/Mission-Program-Schedule-2025-791x1024.jpg\" alt=\"\" width=\"791\" height=\"1024\" srcset=\"https:\/\/www.mileendmission.org\/wp-content\/uploads\/2025\/01\/Mission-Program-Schedule-2025-791x1024.jpg 791w, https:\/\/www.mileendmission.org\/wp-content\/uploads\/2025\/01\/Mission-Program-Schedule-2025-232x300.jpg 232w, https:\/\/www.mileendmission.org\/wp-content\/uploads\/2025\/01\/Mission-Program-Schedule-2025-768x994.jpg 768w, https:\/\/www.mileendmission.org\/wp-content\/uploads\/2025\/01\/Mission-Program-Schedule-2025-1187x1536.jpg 1187w, https:\/\/www.mileendmission.org\/wp-content\/uploads\/2025\/01\/Mission-Program-Schedule-2025-1583x2048.jpg 1583w, https:\/\/www.mileendmission.org\/wp-content\/uploads\/2025\/01\/Mission-Program-Schedule-2025-1170x1514.jpg 1170w, https:\/\/www.mileendmission.org\/wp-content\/uploads\/2025\/01\/Mission-Program-Schedule-2025-870x1126.jpg 870w, https:\/\/www.mileendmission.org\/wp-content\/uploads\/2025\/01\/Mission-Program-Schedule-2025-390x505.jpg 390w, https:\/\/www.mileendmission.org\/wp-content\/uploads\/2025\/01\/Mission-Program-Schedule-2025-300x388.jpg 300w, https:\/\/www.mileendmission.org\/wp-content\/uploads\/2025\/01\/Mission-Program-Schedule-2025-scaled.jpg 1978w\" sizes=\"auto, (max-width: 791px) 100vw, 791px\" \/><\/p>\n<p>&nbsp;<\/p>\n","protected":false},"excerpt":{"rendered":"<p>Cliquez ici pour voir les activit\u00e9s et les \u00e9v\u00e9nements \u00e0 la Mission. &nbsp;<\/p>\n","protected":false},"author":2,"featured_media":0,"parent":0,"menu_order":0,"comment_status":"closed","ping_status":"closed","template":"","meta":{"footnotes":""},"class_list":["post-122","page","type-page","status-publish","hentry"],"_links":{"self":[{"href":"https:\/\/www.mileendmission.org\/fr\/wp-json\/wp\/v2\/pages\/122","targetHints":{"allow":["GET"]}}],"collection":[{"href":"https:\/\/www.mileendmission.org\/fr\/wp-json\/wp\/v2\/pages"}],"about":[{"href":"https:\/\/www.mileendmission.org\/fr\/wp-json\/wp\/v2\/types\/page"}],"author":[{"embeddable":true,"href":"https:\/\/www.mileendmission.org\/fr\/wp-json\/wp\/v2\/users\/2"}],"replies":[{"embeddable":true,"href":"https:\/\/www.mileendmission.org\/fr\/wp-json\/wp\/v2\/comments?post=122"}],"version-history":[{"count":10,"href":"https:\/\/www.mileendmission.org\/fr\/wp-json\/wp\/v2\/pages\/122\/revisions"}],"predecessor-version":[{"id":5553,"href":"https:\/\/www.mileendmission.org\/fr\/wp-json\/wp\/v2\/pages\/122\/revisions\/5553"}],"wp:attachment":[{"href":"https:\/\/www.mileendmission.org\/fr\/wp-json\/wp\/v2\/media?parent=122"}],"curies":[{"name":"wp","href":"https:\/\/api.w.org\/{rel}","templated":true}]}}