{"id":2109,"date":"2013-09-07T12:08:00","date_gmt":"2013-09-07T16:08:00","guid":{"rendered":"https:\/\/www.mileendmission.org\/?page_id=2109"},"modified":"2013-09-07T12:08:00","modified_gmt":"2013-09-07T16:08:00","slug":"souper-benefice","status":"publish","type":"page","link":"https:\/\/www.mileendmission.org\/fr\/souper-benefice\/","title":{"rendered":"Souper b\u00e9n\u00e9fice"},"content":{"rendered":"<p><a href=\"https:\/\/www.mileendmission.org\/wp-content\/uploads\/2013\/09\/Masquerade-Poster.French-page-001.jpg\"><img loading=\"lazy\" decoding=\"async\" class=\"aligncenter size-large wp-image-2888\" src=\"https:\/\/www.mileendmission.org\/wp-content\/uploads\/2013\/09\/Masquerade-Poster.French-page-001-768x1024.jpg\" alt=\"\" width=\"768\" height=\"800\" \/><\/a><\/p>\n<p><a href=\"https:\/\/www.mileendmission.org\/wp-content\/uploads\/2013\/09\/FR-MISSION.INVITATION.10.22.15-page-001.jpg\"><img loading=\"lazy\" decoding=\"async\" class=\"aligncenter size-large wp-image-2956\" src=\"https:\/\/www.mileendmission.org\/wp-content\/uploads\/2013\/09\/FR-MISSION.INVITATION.10.22.15-page-001-791x1024.jpg\" alt=\"\" width=\"791\" height=\"800\" \/><\/a><\/p>\n<p>Si vous \u00eates int\u00e9ress\u00e9 \u00e0 devenir un commanditaire pour notre \u00e9v\u00e9nement , s&rsquo;il vous pla\u00eet voir notre <a href=\"https:\/\/www.mileendmission.org\/wp-content\/uploads\/2015\/09\/OFFICIALSponsorship-PackageFR.2015.pdf\" target=\"_blank\">Trousse de Commandite<\/a> .<\/p>\n","protected":false},"excerpt":{"rendered":"<p>Si vous \u00eates int\u00e9ress\u00e9 \u00e0 devenir un commanditaire pour notre \u00e9v\u00e9nement , s&rsquo;il vous pla\u00eet voir notre Trousse de Commandite .<\/p>\n","protected":false},"author":5,"featured_media":0,"parent":0,"menu_order":0,"comment_status":"closed","ping_status":"open","template":"","meta":{"footnotes":""},"class_list":["post-2109","page","type-page","status-publish","hentry"],"_links":{"self":[{"href":"https:\/\/www.mileendmission.org\/fr\/wp-json\/wp\/v2\/pages\/2109","targetHints":{"allow":["GET"]}}],"collection":[{"href":"https:\/\/www.mileendmission.org\/fr\/wp-json\/wp\/v2\/pages"}],"about":[{"href":"https:\/\/www.mileendmission.org\/fr\/wp-json\/wp\/v2\/types\/page"}],"author":[{"embeddable":true,"href":"https:\/\/www.mileendmission.org\/fr\/wp-json\/wp\/v2\/users\/5"}],"replies":[{"embeddable":true,"href":"https:\/\/www.mileendmission.org\/fr\/wp-json\/wp\/v2\/comments?post=2109"}],"version-history":[{"count":0,"href":"https:\/\/www.mileendmission.org\/fr\/wp-json\/wp\/v2\/pages\/2109\/revisions"}],"wp:attachment":[{"href":"https:\/\/www.mileendmission.org\/fr\/wp-json\/wp\/v2\/media?parent=2109"}],"curies":[{"name":"wp","href":"https:\/\/api.w.org\/{rel}","templated":true}]}}