{"id":2218,"date":"2014-01-16T16:41:37","date_gmt":"2014-01-16T21:41:37","guid":{"rendered":"https:\/\/www.mileendmission.org\/?page_id=2218"},"modified":"2018-11-12T11:32:35","modified_gmt":"2018-11-12T15:32:35","slug":"clinique-dentaire","status":"publish","type":"page","link":"https:\/\/www.mileendmission.org\/fr\/programmes\/clinique-dentaire\/","title":{"rendered":"Clinique Dentaire"},"content":{"rendered":"<div class=\"wpb-content-wrapper\"><p>[vc_row][vc_column][vc_column_text]<\/p>\n<p style=\"text-align: center;\">Nous accueillons deux cliniques dentaires chaque ann\u00e9e, une \u00e0 l&rsquo;automne et l&rsquo;autre \u00e0 l&rsquo;hiver.<\/p>\n<p style=\"text-align: center;\">La priorit\u00e9 sera accord\u00e9e aux r\u00e9sidents de la Mile-End qui ne sont pas couverts par un r\u00e9gime de soins dentaires gouvernemental ou priv\u00e9.<\/p>\n<p style=\"text-align: center;\">S&rsquo;il-vous-pla\u00eet nous contacter en personne, \u00e0\u00a0general@mileendmission.org, ou \u00e0 (514) 274-3401 pour vous inscrire.<\/p>\n<p align=\"center\"><b> <a href=\"https:\/\/www.mileendmission.org\/wp-content\/uploads\/2014\/01\/Formulaire-Clinique-dentaire-PDF-page-002.jpg\"><br \/>\n<\/a>Clinique dentaire de l\u2019Universit\u00e9 McGill<br \/>\nen partenariat avec la MISSION COMMUNAUTAIRE DU MILE-END<\/b><\/p>\n<p align=\"center\"><a href=\"https:\/\/www.mileendmission.org\/wp-content\/uploads\/2014\/01\/Clinique-dentaire-PUB.jpg\"><img loading=\"lazy\" decoding=\"async\" class=\"alignnone wp-image-2396\" src=\"https:\/\/www.mileendmission.org\/wp-content\/uploads\/2014\/01\/Clinique-dentaire-PUB-360x137.jpg\" alt=\"Clinique dentaire PUB\" width=\"479\" height=\"182\" \/><\/a><\/p>\n<p align=\"center\">Pour en savoir plus sur le programme Dentistery Outreach Program de McGill: <a href=\"http:\/\/www.mcgill.ca\/dentistry\/community\">http:\/\/www.mcgill.ca\/dentistry\/community<\/a><\/p>\n<p align=\"center\">Voici <a href=\"https:\/\/ici.radio-canada.ca\/tele\/le-telejournal-avec-celine-galipeau\/site\/segments\/reportage\/94042\/dentiste-ambulant-demunis-montreal-mcgill\">un petit segment de Radio-Canada<\/a> sur notre clinique dentaire<\/p>\n<p align=\"center\"><a href=\"https:\/\/www.mileendmission.org\/wp-content\/uploads\/2014\/01\/IMG_2441.jpg\"><img loading=\"lazy\" decoding=\"async\" class=\"alignnone wp-image-2312\" src=\"https:\/\/www.mileendmission.org\/wp-content\/uploads\/2014\/01\/IMG_2441-360x240.jpg\" alt=\"IMG_2441\" width=\"216\" height=\"144\" \/><\/a> <a href=\"https:\/\/www.mileendmission.org\/wp-content\/uploads\/2014\/01\/IMG_2427.jpg\"><img loading=\"lazy\" decoding=\"async\" class=\"alignnone wp-image-2306\" src=\"https:\/\/www.mileendmission.org\/wp-content\/uploads\/2014\/01\/IMG_2427-360x240.jpg\" alt=\"IMG_2427\" width=\"216\" height=\"144\" \/><\/a> <a href=\"https:\/\/www.mileendmission.org\/wp-content\/uploads\/2014\/01\/IMG_2432.jpg\"><img loading=\"lazy\" decoding=\"async\" class=\"alignnone wp-image-2307\" src=\"https:\/\/www.mileendmission.org\/wp-content\/uploads\/2014\/01\/IMG_2432-360x240.jpg\" alt=\"IMG_2432\" width=\"216\" height=\"144\" \/><\/a>\u00a0 <a href=\"https:\/\/www.mileendmission.org\/wp-content\/uploads\/2014\/01\/IMG_2411.jpg\"><img loading=\"lazy\" decoding=\"async\" class=\"alignnone wp-image-2302\" src=\"https:\/\/www.mileendmission.org\/wp-content\/uploads\/2014\/01\/IMG_2411-360x240.jpg\" alt=\"IMG_2411\" width=\"216\" height=\"144\" \/><\/a> <a href=\"https:\/\/www.mileendmission.org\/wp-content\/uploads\/2014\/01\/IMG_2376.jpg\"><img loading=\"lazy\" decoding=\"async\" class=\"alignnone wp-image-2294\" src=\"https:\/\/www.mileendmission.org\/wp-content\/uploads\/2014\/01\/IMG_2376-360x240.jpg\" alt=\"IMG_2376\" width=\"216\" height=\"144\" \/><\/a> <a href=\"https:\/\/www.mileendmission.org\/wp-content\/uploads\/2014\/01\/IMG_2369.jpg\"><img loading=\"lazy\" decoding=\"async\" class=\"alignnone wp-image-2293\" src=\"https:\/\/www.mileendmission.org\/wp-content\/uploads\/2014\/01\/IMG_2369-360x240.jpg\" alt=\"IMG_2369\" width=\"216\" height=\"144\" \/><\/a> <a href=\"https:\/\/www.mileendmission.org\/wp-content\/uploads\/2014\/01\/IMG_2365.jpg\"><img loading=\"lazy\" decoding=\"async\" class=\"alignnone wp-image-2292\" src=\"https:\/\/www.mileendmission.org\/wp-content\/uploads\/2014\/01\/IMG_2365-360x240.jpg\" alt=\"IMG_2365\" width=\"216\" height=\"144\" \/><\/a> <a href=\"https:\/\/www.mileendmission.org\/wp-content\/uploads\/2014\/01\/IMG_2420.jpg\"><img loading=\"lazy\" decoding=\"async\" class=\"alignnone wp-image-2305\" src=\"https:\/\/www.mileendmission.org\/wp-content\/uploads\/2014\/01\/IMG_2420-360x240.jpg\" alt=\"IMG_2420\" width=\"216\" height=\"144\" \/><\/a><\/p>\n<p>[\/vc_column_text][\/vc_column][\/vc_row]<\/p>\n<\/div>","protected":false},"excerpt":{"rendered":"<p>[vc_row][vc_column][vc_column_text] Nous accueillons deux cliniques dentaires chaque ann\u00e9e, une \u00e0 l&rsquo;automne et l&rsquo;autre \u00e0 l&rsquo;hiver. La priorit\u00e9 sera accord\u00e9e aux r\u00e9sidents de la Mile-End qui ne sont pas couverts par [&hellip;]<\/p>\n","protected":false},"author":7,"featured_media":0,"parent":2061,"menu_order":0,"comment_status":"closed","ping_status":"open","template":"","meta":{"footnotes":""},"class_list":["post-2218","page","type-page","status-publish","hentry"],"_links":{"self":[{"href":"https:\/\/www.mileendmission.org\/fr\/wp-json\/wp\/v2\/pages\/2218","targetHints":{"allow":["GET"]}}],"collection":[{"href":"https:\/\/www.mileendmission.org\/fr\/wp-json\/wp\/v2\/pages"}],"about":[{"href":"https:\/\/www.mileendmission.org\/fr\/wp-json\/wp\/v2\/types\/page"}],"author":[{"embeddable":true,"href":"https:\/\/www.mileendmission.org\/fr\/wp-json\/wp\/v2\/users\/7"}],"replies":[{"embeddable":true,"href":"https:\/\/www.mileendmission.org\/fr\/wp-json\/wp\/v2\/comments?post=2218"}],"version-history":[{"count":4,"href":"https:\/\/www.mileendmission.org\/fr\/wp-json\/wp\/v2\/pages\/2218\/revisions"}],"predecessor-version":[{"id":4744,"href":"https:\/\/www.mileendmission.org\/fr\/wp-json\/wp\/v2\/pages\/2218\/revisions\/4744"}],"up":[{"embeddable":true,"href":"https:\/\/www.mileendmission.org\/fr\/wp-json\/wp\/v2\/pages\/2061"}],"wp:attachment":[{"href":"https:\/\/www.mileendmission.org\/fr\/wp-json\/wp\/v2\/media?parent=2218"}],"curies":[{"name":"wp","href":"https:\/\/api.w.org\/{rel}","templated":true}]}}