{"id":2343,"date":"2014-03-17T15:10:53","date_gmt":"2014-03-17T19:10:53","guid":{"rendered":"https:\/\/www.mileendmission.org\/?page_id=2343"},"modified":"2014-03-17T15:10:53","modified_gmt":"2014-03-17T19:10:53","slug":"la-mission-de-spidey","status":"publish","type":"page","link":"https:\/\/www.mileendmission.org\/fr\/la-mission-de-spidey\/","title":{"rendered":"Spidey: une Mission au de-l\u00e0 la Magie"},"content":{"rendered":"<p><a href=\"https:\/\/www.mileendmission.org\/wp-content\/uploads\/2014\/03\/SpideyNEWPosterFR9-page-001.jpg\"><img loading=\"lazy\" decoding=\"async\" class=\"aligncenter size-large wp-image-2605\" src=\"https:\/\/www.mileendmission.org\/wp-content\/uploads\/2014\/03\/SpideyNEWPosterFR9-page-001-791x1024.jpg\" alt=\"SpideyNEWPosterFR9-page-001\" width=\"691\" height=\"824\" \/><\/a><\/p>\n<p>Le 4 mai 2015, l\u2019hypnotiseur et mentaliste de renom international \u2018Spidey\u2019 pr\u00e9sentera un nouveau spectacle de mentalisme au Th\u00e9\u00e2tre Rialto. Cet \u00e9v\u00e9nement majeur est une lev\u00e9e de fonds pour la Mission communautaire Mile-End, un lieu d\u2019entraide, d\u2019inclusion et d\u2019espoir au service d\u2019individus et de familles d\u00e9favoris\u00e9s qui vivent dans le secteur du Mile End et ses environs, \u00e0 Montr\u00e9al.<\/p>\n<p>Finaliste de l\u2019\u00e9mission Canada\u2019s Got Talent et vedette de la s\u00e9rie Guzzo Magic, avec plus de 6 millions de spectateurs, Spidey continue d\u2019\u00e9pater son auditoire international partout dans les Cara\u00efbes et en Europe, lorsqu\u2019il n\u2019est pas en spectacle \u00e0 travers le Canada et les \u00c9tats-Unis. Pour une soir\u00e9e seulement, Spidey tissera une toile unique gr\u00e2ce \u00e0 son talent qui vous \u00e9patera. De fabuleux prix, gracieuset\u00e9 du Th\u00e9\u00e2tre Rialto et d\u2019entreprises locales, seront en tirage. Pour en faire plus pour cette cause, apportez un don de denr\u00e9es non p\u00e9rissables pour la Banque alimentaire de la Mission!<\/p>\n<p style=\"text-align: center;\">Plus d&rsquo;info sur le th\u00e9\u00e2tre Rialto: <a href=\"http:\/\/www.theatrerialto.ca\/en\/home.html\">theatrerialto.ca <\/a>&amp; <a href=\"https:\/\/www.facebook.com\/theatrerialto?rf=174261189261335\">facebook.com\/theatrerialto<br \/>\n<\/a>Plus d&rsquo;info sur Spidey: <a href=\"http:\/\/www.spideymagic.com\/\">spideymagic.com<\/a> &amp; <a href=\"https:\/\/www.facebook.com\/SpideyMagic\">facebook.com\/SpideyMagic<\/a><\/p>\n","protected":false},"excerpt":{"rendered":"<p>Le 4 mai 2015, l\u2019hypnotiseur et mentaliste de renom international \u2018Spidey\u2019 pr\u00e9sentera un nouveau spectacle de mentalisme au Th\u00e9\u00e2tre Rialto. Cet \u00e9v\u00e9nement majeur est une lev\u00e9e de fonds pour la [&hellip;]<\/p>\n","protected":false},"author":7,"featured_media":0,"parent":0,"menu_order":0,"comment_status":"closed","ping_status":"open","template":"","meta":{"footnotes":""},"class_list":["post-2343","page","type-page","status-publish","hentry"],"_links":{"self":[{"href":"https:\/\/www.mileendmission.org\/fr\/wp-json\/wp\/v2\/pages\/2343","targetHints":{"allow":["GET"]}}],"collection":[{"href":"https:\/\/www.mileendmission.org\/fr\/wp-json\/wp\/v2\/pages"}],"about":[{"href":"https:\/\/www.mileendmission.org\/fr\/wp-json\/wp\/v2\/types\/page"}],"author":[{"embeddable":true,"href":"https:\/\/www.mileendmission.org\/fr\/wp-json\/wp\/v2\/users\/7"}],"replies":[{"embeddable":true,"href":"https:\/\/www.mileendmission.org\/fr\/wp-json\/wp\/v2\/comments?post=2343"}],"version-history":[{"count":0,"href":"https:\/\/www.mileendmission.org\/fr\/wp-json\/wp\/v2\/pages\/2343\/revisions"}],"wp:attachment":[{"href":"https:\/\/www.mileendmission.org\/fr\/wp-json\/wp\/v2\/media?parent=2343"}],"curies":[{"name":"wp","href":"https:\/\/api.w.org\/{rel}","templated":true}]}}