{"id":2383,"date":"2014-03-20T17:08:11","date_gmt":"2014-03-20T21:08:11","guid":{"rendered":"https:\/\/www.mileendmission.org\/?page_id=2383"},"modified":"2024-11-01T08:56:12","modified_gmt":"2024-11-01T13:56:12","slug":"programmes-alimentaires","status":"publish","type":"page","link":"https:\/\/www.mileendmission.org\/fr\/programmes-alimentaires\/","title":{"rendered":"Programme alimentaire"},"content":{"rendered":"<div class=\"wpb-content-wrapper\"><p>[vc_row][vc_column][vc_column_text]<span style=\"text-decoration: underline;\"><strong>Banque Alimentaire\u00a0hebdomadaire<\/strong><\/span><br \/>\nLa banque alimentaire est disponible pour les r\u00e9sidents du Mile-End et ses environs dans le territoire suivant:<\/p>\n<p style=\"padding-left: 30px;\">Sud au Nord: avenue Mont-Royal \u00e0 Jean-Talon<br \/>\nEst \u00e0 l&rsquo;Ouest: Saint Denis \u00e0 Hutchison<\/p>\n<p><strong>La Banque Alimentaire est jeudi<\/strong><br \/>\nLes inscriptions commencent \u00e0 10h et se terminent \u00e0 12h. Premier arriv\u00e9, premier servi, jusqu&rsquo;\u00e0 un maximum de 100 personnes. La ligne se forme \u00e0 l\u2019ext\u00e9rieur, alors habillez-vous en cons\u00e9quence. Les sacs alimentaires sont distribu\u00e9s \u00e0 partir de 12h30. Le co\u00fbt est 2$ par semaine.<\/p>\n<p>Si vous n&rsquo;\u00eates pas d\u00e9j\u00e0 membre de la Mission, une cotisation de 2$ par personne et par foyer est exig\u00e9e et payable une fois par an par la suite. Un preuve de domicile et de revenus est demand\u00e9. Notez que les membres existants seront servis avant les nouveaux membres.<\/p>\n<p><span style=\"text-decoration: underline;\"><strong>Repas communautaires hebdomadaires<\/strong><\/span><br \/>\nLe d\u00eener est servi mardi, mercredi, et vendredi \u00e0 midi.<br \/>\nLe petit d\u00e9jeuner est servi lundi \u00e0 9h00.<br \/>\nTout le monde est bienvenu.<\/p>\n<p>&nbsp;<\/p>\n<p><a> <img loading=\"lazy\" decoding=\"async\" class=\"aligncenter size-medium wp-image-2778\" src=\"https:\/\/www.mileendmission.org\/wp-content\/uploads\/2013\/06\/KITCHEN-2-COLLAGE-360x278.jpg\" alt=\"KITCHEN 2 COLLAGE\" width=\"360\" height=\"278\" \/><\/a>[\/vc_column_text][\/vc_column][\/vc_row]<\/p>\n<\/div>","protected":false},"excerpt":{"rendered":"<p>[vc_row][vc_column][vc_column_text]Banque Alimentaire\u00a0hebdomadaire La banque alimentaire est disponible pour les r\u00e9sidents du Mile-End et ses environs dans le territoire suivant: Sud au Nord: avenue Mont-Royal \u00e0 Jean-Talon Est \u00e0 l&rsquo;Ouest: Saint [&hellip;]<\/p>\n","protected":false},"author":7,"featured_media":0,"parent":0,"menu_order":0,"comment_status":"closed","ping_status":"open","template":"","meta":{"footnotes":""},"class_list":["post-2383","page","type-page","status-publish","hentry"],"_links":{"self":[{"href":"https:\/\/www.mileendmission.org\/fr\/wp-json\/wp\/v2\/pages\/2383","targetHints":{"allow":["GET"]}}],"collection":[{"href":"https:\/\/www.mileendmission.org\/fr\/wp-json\/wp\/v2\/pages"}],"about":[{"href":"https:\/\/www.mileendmission.org\/fr\/wp-json\/wp\/v2\/types\/page"}],"author":[{"embeddable":true,"href":"https:\/\/www.mileendmission.org\/fr\/wp-json\/wp\/v2\/users\/7"}],"replies":[{"embeddable":true,"href":"https:\/\/www.mileendmission.org\/fr\/wp-json\/wp\/v2\/comments?post=2383"}],"version-history":[{"count":12,"href":"https:\/\/www.mileendmission.org\/fr\/wp-json\/wp\/v2\/pages\/2383\/revisions"}],"predecessor-version":[{"id":5539,"href":"https:\/\/www.mileendmission.org\/fr\/wp-json\/wp\/v2\/pages\/2383\/revisions\/5539"}],"wp:attachment":[{"href":"https:\/\/www.mileendmission.org\/fr\/wp-json\/wp\/v2\/media?parent=2383"}],"curies":[{"name":"wp","href":"https:\/\/api.w.org\/{rel}","templated":true}]}}