{"id":2794,"date":"2015-07-30T15:50:53","date_gmt":"2015-07-30T15:50:53","guid":{"rendered":"https:\/\/www.mileendmission.org\/?page_id=2794"},"modified":"2016-07-12T10:39:28","modified_gmt":"2016-07-12T14:39:28","slug":"la-friperie-joyce","status":"publish","type":"page","link":"https:\/\/www.mileendmission.org\/fr\/la-friperie-joyce\/","title":{"rendered":"La Friperie Joyce"},"content":{"rendered":"<div class=\"wpb-content-wrapper\"><p>[vc_row][vc_column][vc_column_text]<strong>Heures d&rsquo;ouverture: mardi, mercredi, et jeudi 10h00-15h00, et chaque 2e samedi 10h00-16h00<\/strong><\/p>\n<p>Les fonds recueillis gr\u00e2ce \u00e0 la vente Friperie Joyce soutiennent directement nos programmes et services et aussi permettre \u00e0 nos membres de la dignit\u00e9 de pouvoir acheter des articles personnels et m\u00e9nagers n\u00e9cessaires \u00e0 tr\u00e8s bas prix !<\/p>\n<p><strong>Pour\u00a0Faire un\u00a0Don\u00a0\u00e0 la Friperie:<\/strong><\/p>\n<p>S&rsquo;il vous pla\u00eet continuer \u00e0 soutenir notre Friperie en d\u00e9posant des dons \u00e0 notre d\u00e9barquement bin (coin Bernard O. \/ St Urbain ), ou en arr\u00eatant par la Mission du mardi au vendredi : 10h00-14h00<\/p>\n<p>Pour plus d&rsquo;informations , s&rsquo;il-vous-pla\u00eet appelez: (514) 274-3401[\/vc_column_text][\/vc_column][\/vc_row]<\/p>\n<\/div>","protected":false},"excerpt":{"rendered":"<p>[vc_row][vc_column][vc_column_text]Heures d&rsquo;ouverture: mardi, mercredi, et jeudi 10h00-15h00, et chaque 2e samedi 10h00-16h00 Les fonds recueillis gr\u00e2ce \u00e0 la vente Friperie Joyce soutiennent directement nos programmes et services et aussi permettre [&hellip;]<\/p>\n","protected":false},"author":2,"featured_media":0,"parent":0,"menu_order":0,"comment_status":"closed","ping_status":"open","template":"","meta":{"footnotes":""},"class_list":["post-2794","page","type-page","status-publish","hentry"],"_links":{"self":[{"href":"https:\/\/www.mileendmission.org\/fr\/wp-json\/wp\/v2\/pages\/2794","targetHints":{"allow":["GET"]}}],"collection":[{"href":"https:\/\/www.mileendmission.org\/fr\/wp-json\/wp\/v2\/pages"}],"about":[{"href":"https:\/\/www.mileendmission.org\/fr\/wp-json\/wp\/v2\/types\/page"}],"author":[{"embeddable":true,"href":"https:\/\/www.mileendmission.org\/fr\/wp-json\/wp\/v2\/users\/2"}],"replies":[{"embeddable":true,"href":"https:\/\/www.mileendmission.org\/fr\/wp-json\/wp\/v2\/comments?post=2794"}],"version-history":[{"count":1,"href":"https:\/\/www.mileendmission.org\/fr\/wp-json\/wp\/v2\/pages\/2794\/revisions"}],"predecessor-version":[{"id":3203,"href":"https:\/\/www.mileendmission.org\/fr\/wp-json\/wp\/v2\/pages\/2794\/revisions\/3203"}],"wp:attachment":[{"href":"https:\/\/www.mileendmission.org\/fr\/wp-json\/wp\/v2\/media?parent=2794"}],"curies":[{"name":"wp","href":"https:\/\/api.w.org\/{rel}","templated":true}]}}