{"id":2925,"date":"2016-05-03T03:16:54","date_gmt":"2016-05-03T03:16:54","guid":{"rendered":"https:\/\/www.mileendmission.org\/fr\/?page_id=2925"},"modified":"2016-05-03T03:16:54","modified_gmt":"2016-05-03T03:16:54","slug":"medias","status":"publish","type":"page","link":"https:\/\/www.mileendmission.org\/fr\/medias\/","title":{"rendered":"M\u00e9dias"},"content":{"rendered":"<p><a href=\"https:\/\/www.mileendmission.org\/wp-content\/uploads\/2012\/05\/Anglican-Montreal-1.jpg\"><img loading=\"lazy\" decoding=\"async\" class=\"aligncenter size-large wp-image-3024\" src=\"https:\/\/www.mileendmission.org\/wp-content\/uploads\/2012\/05\/Anglican-Montreal-1-1024x786.jpg\" alt=\"Anglican Montreal 1\" width=\"900\" height=\"500\" \/><\/a><br \/>\n<a href=\"https:\/\/www.mileendmission.org\/wp-content\/uploads\/2012\/05\/Anglican-Montreal-2.jpg\"><img loading=\"lazy\" decoding=\"async\" class=\"aligncenter size-large wp-image-3025\" src=\"https:\/\/www.mileendmission.org\/wp-content\/uploads\/2012\/05\/Anglican-Montreal-2-1024x689.jpg\" alt=\"Anglican Montreal 2\" width=\"450\" height=\"300\" \/><\/a><br \/>\n<a href=\"https:\/\/www.mileendmission.org\/wp-content\/uploads\/2012\/05\/Diocese-mission-article.jpg\"><img loading=\"lazy\" decoding=\"async\" class=\"aligncenter size-large wp-image-3011\" src=\"https:\/\/www.mileendmission.org\/wp-content\/uploads\/2012\/05\/Diocese-mission-article-767x1024.jpg\" alt=\"\" width=\"767\" height=\"900\" \/><\/a><br \/>\n<a href=\"http:\/\/www.montreal.anglican.ca\/our-stories\/2015\/9\/23\/home-what-we-take-for-granted\"><img loading=\"lazy\" decoding=\"async\" class=\"aligncenter size-full wp-image-2977\" src=\"https:\/\/www.mileendmission.org\/wp-content\/uploads\/2012\/05\/Home-What-We-Take-for-Granted.jpg\" alt=\"Home What We Take for Granted\" width=\"480\" height=\"354\" \/><\/a><\/p>\n<p><a href=\"http:\/\/montrealgazette.com\/news\/local-news\/cooking-for-good-montreal-chef-organizes-benefit-for-mile-end-mission\"><img loading=\"lazy\" decoding=\"async\" class=\"aligncenter size-full wp-image-2939\" src=\"https:\/\/www.mileendmission.org\/wp-content\/uploads\/2012\/05\/cooking-for-good.jpg\" alt=\"cooking for good\" width=\"831\" height=\"425\" \/><\/a><\/p>\n<p><a href=\"http:\/\/montrealgazette.com\/news\/local-news\/everyone-has-a-place-and-a-voice-mission-director-says\"><img loading=\"lazy\" decoding=\"async\" class=\"aligncenter size-full wp-image-2935\" src=\"https:\/\/www.mileendmission.org\/wp-content\/uploads\/2012\/05\/a-place-and-a-voice.jpg\" alt=\"a place and a voice\" width=\"827\" height=\"450\" \/><\/a><\/p>\n<p><a href=\"https:\/\/www.mileendmission.org\/wp-content\/uploads\/2012\/05\/Terrace-Connie-cropped.jpg\"><img loading=\"lazy\" decoding=\"async\" class=\"aligncenter wp-image-2891 size-large\" src=\"https:\/\/www.mileendmission.org\/wp-content\/uploads\/2012\/05\/Terrace-Connie-cropped-1024x688.jpg\" alt=\"Terrace Connie\" width=\"1024\" height=\"588\" \/><\/a><\/p>\n<p><a href=\"https:\/\/www.mileendmission.org\/wp-content\/uploads\/2012\/05\/two-dinners-article-cropped-.jpg\"><img loading=\"lazy\" decoding=\"async\" class=\"aligncenter size-large wp-image-2897\" src=\"https:\/\/www.mileendmission.org\/wp-content\/uploads\/2012\/05\/two-dinners-article-cropped--584x1024.jpg\" alt=\"two dinners article - cropped\" width=\"484\" height=\"824\" \/><\/a><br \/>\n<iframe loading=\"lazy\" src=\"https:\/\/www.youtube.com\/embed\/RZA7vIN0_V8\" width=\"560\" height=\"315\" frameborder=\"0\" allowfullscreen=\"allowfullscreen\"><\/iframe><\/p>\n<p><a href=\"https:\/\/www.mileendmission.org\/wp-content\/uploads\/2012\/05\/Bazaar-Article.jpg\"><img loading=\"lazy\" decoding=\"async\" class=\"aligncenter size-large wp-image-2632\" src=\"https:\/\/www.mileendmission.org\/wp-content\/uploads\/2012\/05\/Bazaar-Article-595x1024.jpg\" alt=\"Bazaar Article\" width=\"500\" height=\"800\" \/><\/a><a href=\"https:\/\/www.mileendmission.org\/wp-content\/uploads\/2012\/05\/carlos.jpg\"><img loading=\"lazy\" decoding=\"async\" class=\"aligncenter size-full wp-image-2567\" src=\"https:\/\/www.mileendmission.org\/wp-content\/uploads\/2012\/05\/carlos.jpg\" alt=\"carlos\" width=\"711\" height=\"423\" \/><\/a><\/p>\n<p><iframe loading=\"lazy\" src=\"https:\/\/www.youtube.com\/embed\/HMZ-r8LlnHQ\" width=\"560\" height=\"315\" frameborder=\"0\" allowfullscreen=\"allowfullscreen\"><\/iframe><\/p>\n<p><b>La Mission communautaire Mile-End : entraide et dignit\u00e9<\/b><\/p>\n<p>par Marc Ouimet pour la\u00a0<i>Corporation de d\u00e9veloppement communautaire Action Solidarit\u00e9 Grand Plateau<\/i>\u00a0(CDC-ASGP)<\/p>\n<p><img loading=\"lazy\" decoding=\"async\" class=\"aligncenter size-full wp-image-2268\" src=\"https:\/\/www.mileendmission.org\/wp-content\/uploads\/2012\/05\/mile1-1.jpg\" alt=\"mile1-1\" width=\"500\" height=\"391\" \/><\/p>\n<p>L\u2019apr\u00e8s-midi est ensoleill\u00e9e, un chat dort au soleil et deux gars jouent \u00ab\u00a0Honky Tonk Blues\u00a0\u00bb \u00e0 la guitare \u00e0 c\u00f4t\u00e9. Un local simple, quelques tables et des piles de v\u00eatements rang\u00e9s sur des \u00e9tag\u00e8res, une grande cuisine \u00e0 l\u2019arri\u00e8re. La Mission communautaire Mile-End est implant\u00e9e dans le quartier depuis 1991 et subvient aux besoins les plus fondamentaux des personnes d\u00e9favoris\u00e9es : se nourrir et se v\u00eatir.<\/p>\n<p>Car la pauvret\u00e9 est toujours pr\u00e9sente dans ce Plateau trop souvent per\u00e7u comme ais\u00e9 et branch\u00e9, au point d\u2019oublier cette r\u00e9alit\u00e9. Aujourd\u2019hui, la Mission Mile-End sert plus de 6,600 repas par ann\u00e9e et distribue 200 sacs de nourriture par semaine \u00e0 ses membres. Comme le souligne sa directrice, Linda, (Lou) Hachey\u00a0:<\/p>\n<p>Les chiffres ont augment\u00e9 consid\u00e9rablement au cours des derni\u00e8res ann\u00e9es, la crise \u00e9conomique a directement affect\u00e9 les personnes d\u00e9favoris\u00e9es quant \u00e0 la possibilit\u00e9 pour elles de se trouver ou de conserver\u00a0 un emploi. Nous avons beaucoup de clients qui, pour la majorit\u00e9, sont sur l\u2019aide sociale et qui souffrent de probl\u00e8mes additionnels, dont plusieurs sont associ\u00e9s \u00e0 la pauvret\u00e9 chronique comme les probl\u00e8mes de sant\u00e9 physique et mentale, l\u2019isolement, la vuln\u00e9rabilit\u00e9, la toxicomanie, les probl\u00e8mes d\u2019alphab\u00e9tisation. Nous avons aussi des a\u00een\u00e9s avec d\u2019autres probl\u00e8mes de sant\u00e9 sp\u00e9cifiques, de m\u00eame que des personnes sans-abris.<\/p>\n<p><b>Gentrification et d\u00e9racinement<\/b><\/p>\n<p>Avant d\u2019\u00eatre le quartier pris\u00e9 qu\u2019il est aujourd\u2019hui, le Mile-End \u00e9tait plut\u00f4t populaire, multiethnique et accessible \u00e0 la majorit\u00e9 des gens. Avec la multiplication des condos et la forte hausse des loyers depuis une quinzaine d\u2019ann\u00e9es, son visage a cependant grandement chang\u00e9. Beaucoup de personnes en situation de pauvret\u00e9 ont d\u00fb quitter leur logement\u00a0, ce qui a eu pour effet de briser des r\u00e9seaux de solidarit\u00e9 et familiaux qui contribuaient grandement \u00e0 leur qualit\u00e9 de vie. Celles qui sont rest\u00e9es dans le quartier vivent maintenant avec moins de support, d\u2019o\u00f9 la pertinence de la pr\u00e9sence de la Mission Mile-End dans le quartier comme ressource et point d\u2019ancrage et d\u2019inclusion sociale.<\/p>\n<p>Malgr\u00e9 tout, la pauvret\u00e9 demeure, m\u00eame si elle est parfois moins visible. Joanne Racette, organisatrice b\u00e9n\u00e9vole de l\u2019atelier d\u2019art communautaire de la Mission depuis 10 ans, se rappelle\u00a0: \u00ab\u00a0Ce qu\u2019il y avait au d\u00e9but, dans le quartier, c\u2019est des petits restaurants ordinaires o\u00f9 les gens pouvaient aller prendre un caf\u00e9 pour pas grand chose, un d\u00e9jeuner; pour 2$, t\u2019avais tes toasts au fromage! Il n\u2019y en a plus, ils ont tous disparu un apr\u00e8s l\u2019autre. \u00bb<\/p>\n<p>Selon Linda (Lou) Hachey, la majorit\u00e9 des personnes pauvres ont \u00e9t\u00e9 d\u00e9plac\u00e9es involontairement du quartier, bien qu\u2019il demeure des poches de pauvret\u00e9, par exemple pr\u00e8s du viaduc de la voie ferr\u00e9e, aux abords de Parc-Extension; ici et l\u00e0, quelques maisons de chambres. \u00ab\u00a0Des endroits abordables pour habiter, il y en a peu dans le quartier, mais le besoin de manger et de se r\u00e9unir est toujours l\u00e0. La Mission fait \u00e7a, elle donne des caf\u00e9s gratuits, les repas sont gratuits; c\u2019est comme un p\u00f4le d\u2019attraction.\u00a0\u00bb<\/p>\n<p style=\"text-align: center;\"><img loading=\"lazy\" decoding=\"async\" class=\"aligncenter wp-image-2269\" src=\"https:\/\/www.mileendmission.org\/wp-content\/uploads\/2012\/05\/mile2.jpg\" alt=\"mile2\" width=\"480\" height=\"360\" \/><\/p>\n<p><b>Solidarit\u00e9 et leadership<\/b><\/p>\n<p>Au-del\u00e0 des services de premi\u00e8re n\u00e9cessit\u00e9, la Mission Mile-End est aussi un r\u00e9seau d\u2019entraide et de soutien o\u00f9 les membres jouent un r\u00f4le de premier plan. Avec un personnel r\u00e9duit, l\u2019organisme compte sur le travail b\u00e9n\u00e9vole et indispensable de ses membres pour mener \u00e0 bien ses activit\u00e9s de cuisine communautaire, de banque alimentaire, \u00e0 la friperie Joyce, ainsi que les ateliers d\u2019art communautaire et de musique. Pour des personnes vivant des situations difficiles, cette communaut\u00e9 leur apporte des services vitaux tout en respectant leur dignit\u00e9 et leur besoin d\u2019appartenance, plusieurs choisissant d\u2019ailleurs de s\u2019y impliquer. Comme le souligne Linda (Lou) Hachey\u00a0:<\/p>\n<p>Il y a des gens qui disent que les personnes pauvres sont paresseuses, mon Dieu, ce sont elles qui tiennent cet endroit! Assoyez-vous ici et regardez un peu\u00a0: ils sont constamment en train de faire des choses, de bouger, de cuisiner, de pr\u00e9parer des choses. C\u2019est une communaut\u00e9 o\u00f9 l\u2019on se soucie de son prochain. Un de nos membres qui fait du b\u00e9n\u00e9volat dans le programme alimentaire nous a dit que son approche s\u2019apparente \u00e0 celle de l\u2019arm\u00e9e\u00a0: on ne laisse personne derri\u00e8re. J\u2019adore \u00e7a. Ici, on ne laisse personne avoir faim.<\/p>\n<p>Les gens ici s\u2019aident les uns les autres, quand quelqu\u2019un a un probl\u00e8me avec l\u2019aide sociale ou autre chose, quelqu\u2019un d\u2019autre vient me voir pour me demander d\u2019aller lui parler\u2026 Nous avons \u00e9galement des membres qui accompagnent d\u2019autres membres aux bureaux du gouvernement afin de remplacer leurs cartes d\u2019identit\u00e9 perdues ou vol\u00e9es, les aider \u00e0 trouver un appartement dans le quartier, etc. Tout le monde s\u2019aide ici, ce sont des leaders, pas des paresseux \u00e7a c\u2019est certain.<\/p>\n<p><b>Pistes de solution<\/b><\/p>\n<p>\u00ab\u00a0Comment vivre avec \u00e0 peine 604$ par mois, avec le co\u00fbt des logements et de la nourriture? \u00ab\u00a0Les premiers trois jours, c\u2019est facile, ce sont les 27 suivants qui sont difficiles!\u00a0\u00bb, lance un membre. Il n\u2019y a pas de miracle\u00a0: de la d\u00e9brouille et de l\u2019entraide. \u00ab\u00a0Les comp\u00e9tences qu\u2019il faut d\u00e9velopper pour g\u00e9rer la pauvret\u00e9, pour s\u2019en sortir \u00e0 chaque mois, sont \u00e9normes et sous-estim\u00e9es\u00a0\u00bb, ajoute Linda (Lou) Hachey.<\/p>\n<p>Comment \u00e9viter une aggravation de la dispersion des personnes en situation de pauvret\u00e9? Pour Linda (Lou) Hachey\u00a0:<\/p>\n<p>Elles ont besoin de plus de logement social qui soit int\u00e9gr\u00e9 dans leur propre quartier. Les logements abordables dans lesquels elles vivaient auparavant ne leur sont plus accessibles. On ne peut pas revenir en arri\u00e8re, mais essayons au moins de r\u00e9tablir ce sentiment d\u2019appartenance communautaire qui s\u2019est estomp\u00e9. \u00c9galement, j\u2019ajouterais qu\u2019elles ont vraiment besoin d\u2019un revenu d\u00e9cent et vivable.<\/p>\n<p>En sortant, un coup d\u2019\u0153il rapide \u00e0 la vitrine, n\u00e9on rouge sur fond noir, un c\u0153ur, tout simplement. Ouvert aux gens dans le besoin, mais respirant aussi la joie de vivre. Une Mission de c\u0153ur, d\u2019action et de solidarit\u00e9. Le sourire pour la journ\u00e9e.<\/p>\n<p>&nbsp;<\/p>\n<p><b>Mile-End Community Mission:<\/b><b> <\/b><b>Lending a hand in dignity<\/b><b><\/b><\/p>\n<p>by Marc Ouimet for the\u00a0<i>Corporation de d\u00e9veloppement communautaire Action Solidarit\u00e9 Grand Plateau<\/i>\u00a0(CDC-ASGP)<\/p>\n<p>&nbsp;<\/p>\n<p>&nbsp;<\/p>\n<p><a href=\"https:\/\/www.mileendmission.org\/wp-content\/uploads\/2012\/05\/24-article.jpg\"><img loading=\"lazy\" decoding=\"async\" class=\"aligncenter size-large wp-image-2599\" src=\"https:\/\/www.mileendmission.org\/wp-content\/uploads\/2012\/05\/24-article-704x1024.jpg\" alt=\"24 article\" width=\"504\" height=\"624\" \/><\/a><\/p>\n<p><a href=\"https:\/\/www.mileendmission.org\/wp-content\/uploads\/2012\/05\/spidey-article-2015.jpg\"><img loading=\"lazy\" decoding=\"async\" class=\"aligncenter size-full wp-image-2576\" src=\"https:\/\/www.mileendmission.org\/wp-content\/uploads\/2012\/05\/spidey-article-2015.jpg\" alt=\"spidey article-2015\" width=\"700\" height=\"226\" \/><\/a><\/p>\n<p><a href=\"https:\/\/www.mileendmission.org\/wp-content\/uploads\/2012\/05\/Benefit-Dinner-Montreal-Anglican.jpg\"><img loading=\"lazy\" decoding=\"async\" class=\"aligncenter size-full wp-image-2571\" src=\"https:\/\/www.mileendmission.org\/wp-content\/uploads\/2012\/05\/Benefit-Dinner-Montreal-Anglican.jpg\" alt=\"Benefit Dinner - Montreal Anglican\" width=\"700\" height=\"423\" \/><\/a><\/p>\n<p><a href=\"https:\/\/www.mileendmission.org\/events-2\/4830434_orig\/\" rel=\"attachment wp-att-1869\"><img loading=\"lazy\" decoding=\"async\" class=\"aligncenter size-large wp-image-1869\" title=\"4830434_orig\" src=\"https:\/\/www.mileendmission.org\/wp-content\/uploads\/2012\/05\/4830434_orig-1024x320.jpg\" alt=\"\" width=\"700\" height=\"320\" \/><\/a><\/p>\n<p><a href=\"https:\/\/www.mileendmission.org\/events-2\/5499177_orig\/\" rel=\"attachment wp-att-1872\"><img loading=\"lazy\" decoding=\"async\" class=\"aligncenter size-large wp-image-1872\" title=\"5499177_orig\" src=\"https:\/\/www.mileendmission.org\/wp-content\/uploads\/2012\/05\/5499177_orig-1024x667.jpg\" alt=\"\" width=\"700\" height=\"667\" \/><\/a><\/p>\n<p>&nbsp;<\/p>\n<p><strong><a href=\"http:\/\/www.cbc.ca\/news\/canada\/montreal\/story\/2013\/01\/02\/mile-end-mission-struggles.html\" target=\"_blank\">CBC janvier 2013 &#8211; January 2013<\/a><\/strong><br \/>\n<em><a title=\"\" href=\"http:\/\/www.cbc.ca\/news\/canada\/montreal\/story\/2013\/01\/02\/mile-end-mission-struggles.html\" target=\"_blank\">MILE END CHARITY STRUGGLES IN THE FACE OF GENTRIFICATION<\/a><\/em><\/p>\n<div><strong><a href=\"https:\/\/www.mileendmission.org\/events-2\/diocese-article-mile-end-mission-benefit-dinner-2012-1\/\" rel=\"attachment wp-att-1873\">Anglican Montreal Anglican 2012<\/a><\/strong><\/div>\n<div><strong><a href=\"https:\/\/www.mileendmission.org\/events-2\/diocese-article-mile-end-mission-benefit-dinner-2012-1\/\" rel=\"attachment wp-att-1873\">&lsquo;this isn&rsquo;t a job, it&rsquo;s a community<\/a>&lsquo;<\/strong><\/div>\n<div><strong><a href=\"https:\/\/soundcloud.com\/jannamariavallee\/mile-end-mission-on-cbc\" target=\"_blank\">Radio Canada &#8211; CBC Radio octobre 2012, October 2012<\/a><\/strong><br \/>\n<em><a href=\"https:\/\/soundcloud.com\/jannamariavallee\/mile-end-mission-on-cbc\" target=\"_blank\">HOMERUN SHOW<\/a><\/em><\/div>\n<div><strong><a href=\"http:\/\/montreal.ctvnews.ca\/raising-funds-for-mile-end-mission-1.445870\">CTV NEWS 2009<\/a><\/strong><br \/>\n<a href=\"http:\/\/montreal.ctvnews.ca\/raising-funds-for-mile-end-mission-1.445870\"> Raising funds for Mile End Mission<\/a><\/div>\n<div><strong><a href=\"http:\/\/www.canada.com\/story_print.html?id=da8befa3-0fb1-4c64-89b4-cf8ba15b3add&amp;sponsor=\">Montreal Gazette 2007<\/a><\/strong><\/div>\n<div><a href=\"http:\/\/www.canada.com\/story_print.html?id=da8befa3-0fb1-4c64-89b4-cf8ba15b3add&amp;sponsor=\">AS NEIGHBOURHOOD GROWS HIPPER,\u00a0MILE END MISSION, BEAUTIFUL<\/a><\/div>\n<div><a href=\"http:\/\/www.montrealgazette.com\/life\/stories\/Four+Generations+Volunteers+Mile+Mission\/5839579\/story.html\" target=\"_blank\"><strong>Montreal Gazette 2011\u00a0<\/strong><br \/>\n<em>LIFE STORIES: FOUR GENERATIONS OF VOLUNTEERS AT THE MILE END MISSION<\/em><\/a><\/div>\n<div><\/div>\n<div><strong><a href=\"http:\/\/www.ministrymatters.ca\/archives\/2010\/winter-2010\/mile-end-mission\/\" target=\"_blank\">Ministry Matters 2010<\/a><\/strong><br \/>\n<em><a title=\"\" href=\"http:\/\/www.ministrymatters.ca\/archives\/2010\/winter-2010\/mile-end-mission\/\" target=\"_blank\">LIFE AT THE MILE END MISSION<\/a><\/em><\/div>\n<div><\/div>\n<div><a href=\"http:\/\/mileendings.blogspot.ca\/2009\/05\/mission-mile-end.html\" target=\"_blank\"><strong>Mile Endings 2009<br \/>\n<\/strong><em>MISSION: MILE END<\/em><\/a><\/div>\n<p>&nbsp;<\/p>\n<p>&nbsp;<\/p>\n","protected":false},"excerpt":{"rendered":"<p>La Mission communautaire Mile-End : entraide et dignit\u00e9 par Marc Ouimet pour la\u00a0Corporation de d\u00e9veloppement communautaire Action Solidarit\u00e9 Grand Plateau\u00a0(CDC-ASGP) L\u2019apr\u00e8s-midi est ensoleill\u00e9e, un chat dort au soleil et deux [&hellip;]<\/p>\n","protected":false},"author":1,"featured_media":0,"parent":0,"menu_order":5,"comment_status":"closed","ping_status":"open","template":"","meta":{"footnotes":""},"class_list":["post-2925","page","type-page","status-publish","hentry"],"_links":{"self":[{"href":"https:\/\/www.mileendmission.org\/fr\/wp-json\/wp\/v2\/pages\/2925","targetHints":{"allow":["GET"]}}],"collection":[{"href":"https:\/\/www.mileendmission.org\/fr\/wp-json\/wp\/v2\/pages"}],"about":[{"href":"https:\/\/www.mileendmission.org\/fr\/wp-json\/wp\/v2\/types\/page"}],"author":[{"embeddable":true,"href":"https:\/\/www.mileendmission.org\/fr\/wp-json\/wp\/v2\/users\/1"}],"replies":[{"embeddable":true,"href":"https:\/\/www.mileendmission.org\/fr\/wp-json\/wp\/v2\/comments?post=2925"}],"version-history":[{"count":0,"href":"https:\/\/www.mileendmission.org\/fr\/wp-json\/wp\/v2\/pages\/2925\/revisions"}],"wp:attachment":[{"href":"https:\/\/www.mileendmission.org\/fr\/wp-json\/wp\/v2\/media?parent=2925"}],"curies":[{"name":"wp","href":"https:\/\/api.w.org\/{rel}","templated":true}]}}