{"id":3145,"date":"2016-06-17T11:02:18","date_gmt":"2016-06-17T15:02:18","guid":{"rendered":"https:\/\/www.mileendmission.org\/fr\/?page_id=3145"},"modified":"2016-07-12T10:07:17","modified_gmt":"2016-07-12T14:07:17","slug":"notre-objectif-et-vision","status":"publish","type":"page","link":"https:\/\/www.mileendmission.org\/fr\/notre-objectif-et-vision\/","title":{"rendered":"Notre Objectif et Vision"},"content":{"rendered":"<div class=\"wpb-content-wrapper\"><p>[vc_row][vc_column width=\u00a0\u00bb1\/2&Prime;][vc_cta h2=\u00a0\u00bbNotre Objectif\u00a0\u00bb color=\u00a0\u00bbmulled-wine\u00a0\u00bb css=\u00a0\u00bb.vc_custom_1466176002670{background-color: #fff380 !important;}\u00a0\u00bb]De cr\u00e9er un lieu agr\u00e9able et s\u00fbr au sein de notre communaut\u00e9, ainsi que de r\u00e9pondre aux besoins pratiques, psychologiques et spirituels des individus \u00e0 faible revenu du quartier du Mile-End.[\/vc_cta][\/vc_column][vc_column width=\u00a0\u00bb1\/2&Prime;][vc_cta h2=\u00a0\u00bbNotre Vision\u00a0\u00bb color=\u00a0\u00bbwhite\u00a0\u00bb css=\u00a0\u00bb.vc_custom_1466176046428{background-color: #82cafa !important;}\u00a0\u00bb]De continuer \u00e0 grandir en tant qu\u2019un centre de soins et lieu d\u2019inclusion et d\u2019espoir; enrichissant notre communaut\u00e9 depuis 1991.[\/vc_cta][\/vc_column][\/vc_row]<\/p>\n<\/div>","protected":false},"excerpt":{"rendered":"<p>[vc_row][vc_column width=\u00a0\u00bb1\/2&Prime;][vc_cta h2=\u00a0\u00bbNotre Objectif\u00a0\u00bb color=\u00a0\u00bbmulled-wine\u00a0\u00bb css=\u00a0\u00bb.vc_custom_1466176002670{background-color: #fff380 !important;}\u00a0\u00bb]De cr\u00e9er un lieu agr\u00e9able et s\u00fbr au sein de notre communaut\u00e9, ainsi que de r\u00e9pondre aux besoins pratiques, psychologiques et spirituels des [&hellip;]<\/p>\n","protected":false},"author":2,"featured_media":0,"parent":0,"menu_order":0,"comment_status":"closed","ping_status":"closed","template":"","meta":{"footnotes":""},"class_list":["post-3145","page","type-page","status-publish","hentry"],"_links":{"self":[{"href":"https:\/\/www.mileendmission.org\/fr\/wp-json\/wp\/v2\/pages\/3145","targetHints":{"allow":["GET"]}}],"collection":[{"href":"https:\/\/www.mileendmission.org\/fr\/wp-json\/wp\/v2\/pages"}],"about":[{"href":"https:\/\/www.mileendmission.org\/fr\/wp-json\/wp\/v2\/types\/page"}],"author":[{"embeddable":true,"href":"https:\/\/www.mileendmission.org\/fr\/wp-json\/wp\/v2\/users\/2"}],"replies":[{"embeddable":true,"href":"https:\/\/www.mileendmission.org\/fr\/wp-json\/wp\/v2\/comments?post=3145"}],"version-history":[{"count":1,"href":"https:\/\/www.mileendmission.org\/fr\/wp-json\/wp\/v2\/pages\/3145\/revisions"}],"predecessor-version":[{"id":3146,"href":"https:\/\/www.mileendmission.org\/fr\/wp-json\/wp\/v2\/pages\/3145\/revisions\/3146"}],"wp:attachment":[{"href":"https:\/\/www.mileendmission.org\/fr\/wp-json\/wp\/v2\/media?parent=3145"}],"curies":[{"name":"wp","href":"https:\/\/api.w.org\/{rel}","templated":true}]}}