{"id":3353,"date":"2011-04-26T22:25:28","date_gmt":"2011-04-26T22:25:28","guid":{"rendered":"https:\/\/www.mileendmission.org\/fr\/donate\/"},"modified":"2024-03-18T07:39:45","modified_gmt":"2024-03-18T12:39:45","slug":"faites-un-don","status":"publish","type":"page","link":"https:\/\/www.mileendmission.org\/fr\/faites-un-don\/","title":{"rendered":"Faites un Don"},"content":{"rendered":"<div class=\"wpb-content-wrapper\"><p>[vc_row][vc_column][vc_column_text]<\/p>\n<h2><strong>NOURRISSEZ NOTRE COMMUNAUT\u00c9<\/strong><\/h2>\n<p>[\/vc_column_text][vc_empty_space][vc_column_text]<\/p>\n<p style=\"text-align: center;\">Faire un don en ligne par carte de cr\u00e9dit via notre <strong>formulaire s\u00e9curis\u00e9 de CanaDon ci-dessous<\/strong><\/p>\n<p>[\/vc_column_text][vc_column_text]<\/p>\n<p style=\"text-align: center;\">ou par un <strong>virement \u00e9lectronique<\/strong> (E-transfer) de votre banque<\/p>\n<p style=\"text-align: center;\"><span class=\"s1\">Les <strong>ch\u00e8ques\u00a0<\/strong>\u00e9tablis \u00e0 l\u2019ordre de\u00a0la Mission Communautaire Mile-End\u00a0peuvent \u00eatre envoy\u00e9s au\u00a0<\/span><span class=\"s1\">99 Bernard O, Montreal (QC) H2T 2J9<\/span><\/p>\n<p>[\/vc_column_text][vc_column_text]<\/p>\n<p style=\"text-align: center;\">Num\u00e9ro d&rsquo;enregistrement \u00e9mis par l&rsquo;Agence du revenu du Canada:\u00a086624 3223 RR0001<\/p>\n<p>[\/vc_column_text][vc_empty_space][vc_column_text]<\/p>\n<h2><strong>FAIRE UN DON PAR E-TRANSFER<\/strong><\/h2>\n<p>Envoyez des virements \u00e9lectroniques de votre compte bancaire directement au compte bancaire de la Mission.<\/p>\n<p>Configurez <strong>accounting@mileendmission.org<\/strong> comme nouveau destinataire. Aucune question \/ r\u00e9ponse de s\u00e9curit\u00e9 n&rsquo;est n\u00e9cessaire.<\/p>\n<p>Afin de recevoir un re\u00e7u fiscal, veuillez entrer votre nom et votre adresse postale dans la bo\u00eete de message fournie par la banque, ou faites un suivi avec un courriel \u00e0 accounting@mileendmission.org[\/vc_column_text][vc_empty_space][\/vc_column][\/vc_row][vc_row][vc_column el_id=\u00a0\u00bbformulaire\u00a0\u00bb][vc_column_text]<\/p>\n<h2><strong>FAIRE UN DON EN LIGNE<\/strong><\/h2>\n<p>[\/vc_column_text][vc_column_text]<script id=\"ch_cdn_embed\" type=\"text\/javascript\" data-page-id=\"10052\" data-cfasync=\"false\" data-formtype=\"0\" src=\"https:\/\/www.canadahelps.org\/services\/wa\/js\/apps\/donatenow\/embed.min.js\" data-language=\"fr\"><\/script>[\/vc_column_text][\/vc_column][\/vc_row][vc_row][vc_column][\/vc_column][\/vc_row]<\/p>\n<\/div>","protected":false},"excerpt":{"rendered":"<p>[vc_row][vc_column][vc_column_text] NOURRISSEZ NOTRE COMMUNAUT\u00c9 [\/vc_column_text][vc_empty_space][vc_column_text] Faire un don en ligne par carte de cr\u00e9dit via notre formulaire s\u00e9curis\u00e9 de CanaDon ci-dessous [\/vc_column_text][vc_column_text] ou par un virement \u00e9lectronique (E-transfer) de votre [&hellip;]<\/p>\n","protected":false},"author":2,"featured_media":0,"parent":0,"menu_order":0,"comment_status":"closed","ping_status":"closed","template":"","meta":{"footnotes":""},"class_list":["post-3353","page","type-page","status-publish","hentry"],"_links":{"self":[{"href":"https:\/\/www.mileendmission.org\/fr\/wp-json\/wp\/v2\/pages\/3353","targetHints":{"allow":["GET"]}}],"collection":[{"href":"https:\/\/www.mileendmission.org\/fr\/wp-json\/wp\/v2\/pages"}],"about":[{"href":"https:\/\/www.mileendmission.org\/fr\/wp-json\/wp\/v2\/types\/page"}],"author":[{"embeddable":true,"href":"https:\/\/www.mileendmission.org\/fr\/wp-json\/wp\/v2\/users\/2"}],"replies":[{"embeddable":true,"href":"https:\/\/www.mileendmission.org\/fr\/wp-json\/wp\/v2\/comments?post=3353"}],"version-history":[{"count":17,"href":"https:\/\/www.mileendmission.org\/fr\/wp-json\/wp\/v2\/pages\/3353\/revisions"}],"predecessor-version":[{"id":5501,"href":"https:\/\/www.mileendmission.org\/fr\/wp-json\/wp\/v2\/pages\/3353\/revisions\/5501"}],"wp:attachment":[{"href":"https:\/\/www.mileendmission.org\/fr\/wp-json\/wp\/v2\/media?parent=3353"}],"curies":[{"name":"wp","href":"https:\/\/api.w.org\/{rel}","templated":true}]}}