{"id":3387,"date":"2016-07-12T14:03:27","date_gmt":"2016-07-12T18:03:27","guid":{"rendered":"https:\/\/www.mileendmission.org\/fr\/donate-items\/"},"modified":"2016-07-29T11:01:04","modified_gmt":"2016-07-29T15:01:04","slug":"dons-materiels","status":"publish","type":"page","link":"https:\/\/www.mileendmission.org\/fr\/dons-materiels\/","title":{"rendered":"Dons Mat\u00e9riels"},"content":{"rendered":"<div class=\"wpb-content-wrapper\"><p>[vc_row][vc_column][vc_column_text]<\/p>\n<h1 style=\"text-align: left;\">COMMENT FAIRE UN DON MAT\u00c9RIEL<\/h1>\n<p>[\/vc_column_text][\/vc_column][\/vc_row][vc_row full_width=\u00a0\u00bbstretch_row\u00a0\u00bb gap=\u00a0\u00bb35&Prime; css=\u00a0\u00bb.vc_custom_1469107458495{padding-top: 100px !important;padding-bottom: 100px !important;background-color: #eaeaea !important;background-position: center !important;background-repeat: no-repeat !important;background-size: cover !important;}\u00a0\u00bb][vc_column width=\u00a0\u00bb1\/3&Prime; css=\u00a0\u00bb.vc_custom_1455714400431{background-color: #ffffff !important;border-radius: 5px !important;}\u00a0\u00bb][vc_icon type=\u00a0\u00bbtypicons\u00a0\u00bb icon_typicons=\u00a0\u00bbtypcn typcn-shopping-cart\u00a0\u00bb color=\u00a0\u00bbwhite\u00a0\u00bb background_style=\u00a0\u00bbrounded\u00a0\u00bb background_color=\u00a0\u00bbvista_blue\u00a0\u00bb size=\u00a0\u00bbxl\u00a0\u00bb align=\u00a0\u00bbcenter\u00a0\u00bb][vc_custom_heading text=\u00a0\u00bbNOURRITURE\u00a0\u00bb font_container=\u00a0\u00bbtag:h3|text_align:center\u00a0\u00bb][vc_column_text]Nous prenons les dons de denr\u00e9es <strong>non-p\u00e9rissables<\/strong>, comprenant la nourriture en conserves, le riz et les p\u00e2tes alimentaires. Vous pouvez nous les apporter du mardi au vendredi de 10h \u00a0\u00e0 3h.<\/p>\n<p>Les produits frais et les fruits en grande quantit\u00e9 sont aussi les bienvenus, car nous les utilisons pour les repas chauds du programme de d\u00e9jeuners et d\u00eeners.<\/p>\n<p>[\/vc_column_text][\/vc_column][vc_column width=\u00a0\u00bb1\/3&Prime; css=\u00a0\u00bb.vc_custom_1455714406281{background-color: #ffffff !important;border-radius: 5px !important;}\u00a0\u00bb][vc_icon type=\u00a0\u00bbtypicons\u00a0\u00bb icon_typicons=\u00a0\u00bbtypcn typcn-shopping-bag\u00a0\u00bb color=\u00a0\u00bbwhite\u00a0\u00bb background_style=\u00a0\u00bbrounded\u00a0\u00bb background_color=\u00a0\u00bborange\u00a0\u00bb size=\u00a0\u00bbxl\u00a0\u00bb align=\u00a0\u00bbcenter\u00a0\u00bb][vc_custom_heading text=\u00a0\u00bbV\u00caTEMENTS\u00a0\u00bb font_container=\u00a0\u00bbtag:h3|text_align:center\u00a0\u00bb][vc_column_text]Nous prenons les dons de v\u00eatements <strong>propres, en bon \u00e9tat<\/strong> et <strong>de la saison actuelle<\/strong> pour notre friperie: \u00ab\u00a0V\u00eatements que vous seriez fier de porter. \u00bb Nous prenons aussi les manteaux d\u2019hiver et les bottes en bon \u00e9tat.<\/p>\n<p>Les dons de v\u00eatements peuvent \u00eatre d\u00e9pos\u00e9s dans la cloche\u00a0 au coin de la Rue Bernard et Saint-Urbain.<\/p>\n<p>[\/vc_column_text][\/vc_column][vc_column width=\u00a0\u00bb1\/3&Prime; css=\u00a0\u00bb.vc_custom_1455714413009{background-color: #ffffff !important;border-radius: 5px !important;}\u00a0\u00bb][vc_icon type=\u00a0\u00bbtypicons\u00a0\u00bb icon_typicons=\u00a0\u00bbtypcn typcn-gift\u00a0\u00bb color=\u00a0\u00bbwhite\u00a0\u00bb background_style=\u00a0\u00bbrounded\u00a0\u00bb background_color=\u00a0\u00bbpurple\u00a0\u00bb size=\u00a0\u00bbxl\u00a0\u00bb align=\u00a0\u00bbcenter\u00a0\u00bb][vc_custom_heading text=\u00a0\u00bbAUTRES DONS\u00a0\u00bb font_container=\u00a0\u00bbtag:h3|text_align:center\u00a0\u00bb][vc_column_text]Nous sommes aussi \u00e0 la recherche de <strong>mat\u00e9riel de soin personnel et d\u2019hygi\u00e8ne<\/strong> (p\u00e2te \u00e0 dents, brosses \u00e0 dents, d\u00e9odorant), d\u2019une <strong>machine \u00e0 Karaoke<\/strong>, de <strong>sacs de couchage<\/strong> pour l\u2019hiver en bon \u00e9tat et de <strong>mat\u00e9riel artistique<\/strong>.<\/p>\n<p>Ces objets peuvent \u00eatre d\u00e9pos\u00e9s du mardi au vendredi de 10h \u00e0 3h.[\/vc_column_text][\/vc_column][\/vc_row]<\/p>\n<\/div>","protected":false},"excerpt":{"rendered":"<p>[vc_row][vc_column][vc_column_text] COMMENT FAIRE UN DON MAT\u00c9RIEL [\/vc_column_text][\/vc_column][\/vc_row][vc_row full_width=\u00a0\u00bbstretch_row\u00a0\u00bb gap=\u00a0\u00bb35&Prime; css=\u00a0\u00bb.vc_custom_1469107458495{padding-top: 100px !important;padding-bottom: 100px !important;background-color: #eaeaea !important;background-position: center !important;background-repeat: no-repeat !important;background-size: cover !important;}\u00a0\u00bb][vc_column width=\u00a0\u00bb1\/3&Prime; css=\u00a0\u00bb.vc_custom_1455714400431{background-color: #ffffff !important;border-radius: 5px !important;}\u00a0\u00bb][vc_icon type=\u00a0\u00bbtypicons\u00a0\u00bb icon_typicons=\u00a0\u00bbtypcn [&hellip;]<\/p>\n","protected":false},"author":2,"featured_media":0,"parent":0,"menu_order":0,"comment_status":"closed","ping_status":"closed","template":"","meta":{"footnotes":""},"class_list":["post-3387","page","type-page","status-publish","hentry"],"_links":{"self":[{"href":"https:\/\/www.mileendmission.org\/fr\/wp-json\/wp\/v2\/pages\/3387","targetHints":{"allow":["GET"]}}],"collection":[{"href":"https:\/\/www.mileendmission.org\/fr\/wp-json\/wp\/v2\/pages"}],"about":[{"href":"https:\/\/www.mileendmission.org\/fr\/wp-json\/wp\/v2\/types\/page"}],"author":[{"embeddable":true,"href":"https:\/\/www.mileendmission.org\/fr\/wp-json\/wp\/v2\/users\/2"}],"replies":[{"embeddable":true,"href":"https:\/\/www.mileendmission.org\/fr\/wp-json\/wp\/v2\/comments?post=3387"}],"version-history":[{"count":4,"href":"https:\/\/www.mileendmission.org\/fr\/wp-json\/wp\/v2\/pages\/3387\/revisions"}],"predecessor-version":[{"id":3397,"href":"https:\/\/www.mileendmission.org\/fr\/wp-json\/wp\/v2\/pages\/3387\/revisions\/3397"}],"wp:attachment":[{"href":"https:\/\/www.mileendmission.org\/fr\/wp-json\/wp\/v2\/media?parent=3387"}],"curies":[{"name":"wp","href":"https:\/\/api.w.org\/{rel}","templated":true}]}}