{"id":3401,"date":"2016-07-29T11:22:28","date_gmt":"2016-07-29T15:22:28","guid":{"rendered":"https:\/\/www.mileendmission.org\/fr\/?page_id=3401"},"modified":"2024-11-08T08:16:45","modified_gmt":"2024-11-08T13:16:45","slug":"devenez-benevoles","status":"publish","type":"page","link":"https:\/\/www.mileendmission.org\/fr\/devenez-benevoles\/","title":{"rendered":"Devenez B\u00e9n\u00e9voles"},"content":{"rendered":"<div class=\"wpb-content-wrapper\"><p>[vc_row][vc_column width=\u00a0\u00bb5\/12&Prime;][vc_column_text]<\/p>\n<h1><strong>IMPLIQUEZ VOUS AVEC NOUS<\/strong><\/h1>\n<hr \/>\n<p>La Mission Mile-End ne pourrait offrir ses services et programmes sans l\u2019aide de ses b\u00e9n\u00e9voles.<\/p>\n<p>Il y a beaucoup \u00e0 faire \u00e0 la Mission, que ce soit dans la cuisine, en triant les dons de v\u00eatements, en nous aidant \u00e0 pr\u00e9parer la banque alimentaire et plus encore.<br \/>\n[\/vc_column_text][\/vc_column][vc_column width=\u00a0\u00bb7\/12&Prime;][vc_single_image image=\u00a0\u00bb3325&Prime; img_size=\u00a0\u00bb510&#215;370&Prime; alignment=\u00a0\u00bbright\u00a0\u00bb][\/vc_column][\/vc_row][vc_row][vc_column][vc_column_text]<\/p>\n<p>&nbsp;<\/p>\n<p><img loading=\"lazy\" decoding=\"async\" class=\"alignleft\" title=\"Music\" src=\"https:\/\/www.mileendmission.org\/wp-content\/uploads\/2011\/04\/music.jpg\" alt=\"\" width=\"157\" height=\"155\" \/><\/p>\n<p><img loading=\"lazy\" decoding=\"async\" class=\"alignleft\" title=\"Sewing\" src=\"https:\/\/www.mileendmission.org\/wp-content\/uploads\/2011\/04\/Sewing.jpg\" alt=\"\" width=\"184\" height=\"157\" \/><\/p>\n<p><img loading=\"lazy\" decoding=\"async\" class=\"alignleft\" title=\"Kitchen Volunteer\" src=\"https:\/\/www.mileendmission.org\/wp-content\/uploads\/2011\/04\/volunteer-kitchen.jpg\" alt=\"\" width=\"182\" height=\"157\" \/>[\/vc_column_text][\/vc_column][\/vc_row]<\/p>\n<\/div>","protected":false},"excerpt":{"rendered":"<p>[vc_row][vc_column width=\u00a0\u00bb5\/12&Prime;][vc_column_text] IMPLIQUEZ VOUS AVEC NOUS La Mission Mile-End ne pourrait offrir ses services et programmes sans l\u2019aide de ses b\u00e9n\u00e9voles. Il y a beaucoup \u00e0 faire \u00e0 la Mission, [&hellip;]<\/p>\n","protected":false},"author":2,"featured_media":0,"parent":0,"menu_order":0,"comment_status":"closed","ping_status":"closed","template":"","meta":{"footnotes":""},"class_list":["post-3401","page","type-page","status-publish","hentry"],"_links":{"self":[{"href":"https:\/\/www.mileendmission.org\/fr\/wp-json\/wp\/v2\/pages\/3401","targetHints":{"allow":["GET"]}}],"collection":[{"href":"https:\/\/www.mileendmission.org\/fr\/wp-json\/wp\/v2\/pages"}],"about":[{"href":"https:\/\/www.mileendmission.org\/fr\/wp-json\/wp\/v2\/types\/page"}],"author":[{"embeddable":true,"href":"https:\/\/www.mileendmission.org\/fr\/wp-json\/wp\/v2\/users\/2"}],"replies":[{"embeddable":true,"href":"https:\/\/www.mileendmission.org\/fr\/wp-json\/wp\/v2\/comments?post=3401"}],"version-history":[{"count":6,"href":"https:\/\/www.mileendmission.org\/fr\/wp-json\/wp\/v2\/pages\/3401\/revisions"}],"predecessor-version":[{"id":5541,"href":"https:\/\/www.mileendmission.org\/fr\/wp-json\/wp\/v2\/pages\/3401\/revisions\/5541"}],"wp:attachment":[{"href":"https:\/\/www.mileendmission.org\/fr\/wp-json\/wp\/v2\/media?parent=3401"}],"curies":[{"name":"wp","href":"https:\/\/api.w.org\/{rel}","templated":true}]}}