{"id":3840,"date":"2017-05-31T12:54:21","date_gmt":"2017-05-31T16:54:21","guid":{"rendered":"https:\/\/www.mileendmission.org\/?page_id=3840\/"},"modified":"2017-05-31T13:20:09","modified_gmt":"2017-05-31T17:20:09","slug":"open-house","status":"publish","type":"page","link":"https:\/\/www.mileendmission.org\/fr\/open-house\/","title":{"rendered":"Portes Ouvertes"},"content":{"rendered":"<div class=\"wpb-content-wrapper\"><p>[vc_row][vc_column][vc_single_image image=\u00a0\u00bb1713&Prime; alignment=\u00a0\u00bbcenter\u00a0\u00bb][\/vc_column][\/vc_row][vc_row][vc_column][vc_column_text]<span class=\"_4n-j _fbReactionComponent__eventDetailsContentTags fsl\" data-testid=\"event-permalink-details\"><span class=\"text_exposed_show\"> Venez le 10 juin 2017, qu&rsquo;il pleuve ou qu&rsquo;il fasse chaud!<br \/>\n&#8211; BBQ<br \/>\n&#8211; Musique live<br \/>\n&#8211; Projet d&rsquo;Art communautaire<br \/>\n&#8211; Maquillage pour les enfants<br \/>\n&#8211; Teinture par noeuds sur t-shirt<br \/>\n&#8211; Guignol\u00e9e avec \u00ab\u00a0The Montreal Raging Grannies\u00a0\u00bb<br \/>\n&#8211; Chansons des M\u00e9m\u00e9 D\u00e9cha\u00een\u00e9es<br \/>\n<\/span><\/span>[\/vc_column_text][\/vc_column][\/vc_row]<\/p>\n<\/div>","protected":false},"excerpt":{"rendered":"<p>[vc_row][vc_column][vc_single_image image=\u00a0\u00bb1713&Prime; alignment=\u00a0\u00bbcenter\u00a0\u00bb][\/vc_column][\/vc_row][vc_row][vc_column][vc_column_text] Venez le 10 juin 2017, qu&rsquo;il pleuve ou qu&rsquo;il fasse chaud! &#8211; BBQ &#8211; Musique live &#8211; Projet d&rsquo;Art communautaire &#8211; Maquillage pour les enfants &#8211; Teinture [&hellip;]<\/p>\n","protected":false},"author":2,"featured_media":0,"parent":0,"menu_order":0,"comment_status":"closed","ping_status":"closed","template":"","meta":{"footnotes":""},"class_list":["post-3840","page","type-page","status-publish","hentry"],"_links":{"self":[{"href":"https:\/\/www.mileendmission.org\/fr\/wp-json\/wp\/v2\/pages\/3840","targetHints":{"allow":["GET"]}}],"collection":[{"href":"https:\/\/www.mileendmission.org\/fr\/wp-json\/wp\/v2\/pages"}],"about":[{"href":"https:\/\/www.mileendmission.org\/fr\/wp-json\/wp\/v2\/types\/page"}],"author":[{"embeddable":true,"href":"https:\/\/www.mileendmission.org\/fr\/wp-json\/wp\/v2\/users\/2"}],"replies":[{"embeddable":true,"href":"https:\/\/www.mileendmission.org\/fr\/wp-json\/wp\/v2\/comments?post=3840"}],"version-history":[{"count":3,"href":"https:\/\/www.mileendmission.org\/fr\/wp-json\/wp\/v2\/pages\/3840\/revisions"}],"predecessor-version":[{"id":3846,"href":"https:\/\/www.mileendmission.org\/fr\/wp-json\/wp\/v2\/pages\/3840\/revisions\/3846"}],"wp:attachment":[{"href":"https:\/\/www.mileendmission.org\/fr\/wp-json\/wp\/v2\/media?parent=3840"}],"curies":[{"name":"wp","href":"https:\/\/api.w.org\/{rel}","templated":true}]}}