{"id":75,"date":"2011-04-27T20:42:54","date_gmt":"2011-04-27T20:42:54","guid":{"rendered":"https:\/\/www.mileendmission.org\/?page_id=75"},"modified":"2026-01-14T10:23:37","modified_gmt":"2026-01-14T15:23:37","slug":"accueil","status":"publish","type":"page","link":"https:\/\/www.mileendmission.org\/fr\/","title":{"rendered":"Accueil"},"content":{"rendered":"<div class=\"wpb-content-wrapper\"><p>[vc_row][vc_column][vc_custom_heading text=\u00a0\u00bb\u00a0\u00bb font_container=\u00a0\u00bbtag:h2|font_size:36|text_align:center|color:%231e73be\u00a0\u00bb use_theme_fonts=\u00a0\u00bbyes\u00a0\u00bb css_animation=\u00a0\u00bbfadeIn\u00a0\u00bb link=\u00a0\u00bb|||\u00a0\u00bb][\/vc_column][\/vc_row][vc_row][vc_column][vc_column_text css=\u00a0\u00bb\u00a0\u00bb]<\/p>\n<p>&nbsp;<\/p>\n<p>&nbsp;<\/p>\n<p>[\/vc_column_text][\/vc_column][\/vc_row][vc_row][vc_column]<div class=\"columns_wrap sc_columns columns_nofluid sc_columns_count_2\"><div class=\"column-1_2 sc_column_item sc_column_item_1 odd first\">[vc_column_text]Chaque ann\u00e9e, la Mission sert plus de 10\u00a0000 repas, remplit 10 000 sacs d\u2019\u00e9picerie, et fournit des services essentiels \u00e0 ses membres. La Mission n\u2019est pas seulement une soupe populaire, elle offre une structure, un but \u00a0et un sens \u00e0 ses membres qui font face \u00e0 la pauvret\u00e9 chronique, sont d\u00e9munis ou vivent en marge de la soci\u00e9t\u00e9.[\/vc_column_text]<\/div><div class=\"column-1_2 sc_column_item sc_column_item_2 even\">[vc_column_text]La Mission Mile-End est un centre communautaire qui permet \u00e0 ses membres de se rassembler et de se soutenir mutuellement. Comme les fonds gouvernementaux ne constituent qu\u2019un faible pourcentage de notre financement, la Mission compte surtout sur les dons de particuliers et les activit\u00e9s de collecte de fonds pour poursuivre ses activit\u00e9s cruciales.[\/vc_column_text]<\/div><\/div>[vc_separator color=\u00a0\u00bborange\u00a0\u00bb][vc_column_text css=\u00a0\u00bb.vc_custom_1727449242296{margin-top: 40px !important;margin-right: 40px !important;margin-bottom: 40px !important;margin-left: 40px !important;padding-top: 20px !important;padding-right: 20px !important;padding-bottom: 20px !important;padding-left: 20px !important;background-color: #fff380 !important;}\u00a0\u00bb]<\/p>\n<h3 style=\"text-align: center;\">Pour plus d\u2019information sur notre travail au quotidien, lisez notre dernier bulletin Mission Possible:<\/h3>\n<h3 style=\"text-align: center;\"><\/h3>\n<p style=\"text-align: center;\"><a href=\"https:\/\/www.mileendmission.org\/wp-content\/uploads\/2024\/09\/2024-Newsletter-FRE-Online-compressed.pdf\"><img loading=\"lazy\" decoding=\"async\" class=\"aligncenter size-medium wp-image-5513\" src=\"https:\/\/www.mileendmission.org\/wp-content\/uploads\/2024\/09\/2024-Newsletter-FRE-first-page-232x300.jpg\" alt=\"\" width=\"232\" height=\"300\" \/><\/a><\/p>\n<p>[\/vc_column_text][vc_text_separator title=\u00a0\u00bbDerni\u00e8res nouvelles\u00a0\u00bb i_icon_fontawesome=\u00a0\u00bbfa fa-calendar\u00a0\u00bb i_size=\u00a0\u00bblg\u00a0\u00bb color=\u00a0\u00bborange\u00a0\u00bb add_icon=\u00a0\u00bbtrue\u00a0\u00bb][\/vc_column][\/vc_row][vc_row css=\u00a0\u00bb.vc_custom_1463360564722{margin-top: 40px !important;margin-bottom: 40px !important;padding-top: 20px !important;padding-right: 20px !important;padding-bottom: 20px !important;padding-left: 20px !important;background-color: #f7f7f7 !important;}\u00a0\u00bb][vc_column width=\u00a0\u00bb2\/3&Prime;]<div id=\"sc_blogger_646417210\" class=\"sc_blogger layout_excerpt template_excerpt  sc_blogger_vertical\">\t\t<div class=\"post_item post_item_excerpt post_featured_center post_format_standard odd post-5528 post type-post status-publish format-standard hentry category-accueil category-nouvelles\">\n\t\t\t<h3 class=\"post_title\"><a href=\"https:\/\/www.mileendmission.org\/fr\/aide-alimentaire-sous-pression-dans-larrondissement-plateau-mont-royal\/\">Aide alimentaire sous pression dans l\u2019arrondissement Plateau-Mont-Royal<\/a><\/h3>\n\t\t\t<div class=\"post_content clearfix\">\n\t\t\t\t\t\t\t\t\t\t<div class=\"post_info\">\n\t\t\t\t\n\t\t\t\t\t<span class=\"post_info_item post_info_posted_by\"><span class=\"user_avatar\"><\/span><a href=\"https:\/\/www.mileendmission.org\/fr\/author\/mileend\/\" class=\"post_info_author\">MileEnd<\/a><\/span>\n\t\t\t\t\t\t\t\t\t<span class=\"post_info_item post_info_posted\"> <a href=\"https:\/\/www.mileendmission.org\/fr\/aide-alimentaire-sous-pression-dans-larrondissement-plateau-mont-royal\/\" class=\"post_info_date\">30 September 2024<\/a><\/span>\n\t\t\t\t\t\t\t\t\t<span class=\"post_info_item post_info_tags\"><a class=\"category_link\" href=\"https:\/\/www.mileendmission.org\/fr\/category\/accueil\/\">Accueil<\/a>, <a class=\"category_link\" href=\"https:\/\/www.mileendmission.org\/fr\/category\/nouvelles\/\">Nouvelles<\/a><\/span>\n\t\t\t\t\t\t\t\t\t\t<span class=\"post_info_item post_info_counters\">\t<a class=\"post_counters_item post_counters_views icon-eye-light\" title=\"Views - 435\" href=\"https:\/\/www.mileendmission.org\/fr\/aide-alimentaire-sous-pression-dans-larrondissement-plateau-mont-royal\/\">435 Views<\/a>\n\t<\/span>\n\t\t\t\t\t\t\t\t<\/div>\n\n\t\t\t\t<div class=\"post_descr\">\n\t\t\t\t<p>un article contenant les commentaires de notre directrice &#8230; https:\/\/www.monmileend.info\/p\/aide-alimentaire-sous-pression-dans &nbsp;<\/p><a href=\"https:\/\/www.mileendmission.org\/fr\/aide-alimentaire-sous-pression-dans-larrondissement-plateau-mont-royal\/\" class=\"sc_button sc_button_square sc_button_style_filled sc_button_size_small\">En savoir plus<\/a>\t\t\t\t<\/div>\n\t\t\t\t\t\t\t<\/div>\t<!-- \/.post_content -->\n\n\t\t<\/div>\t<!-- \/.post_item -->\n\n\t\t\t<div class=\"post_item post_item_excerpt post_featured_center post_format_standard even post-5259 post type-post status-publish format-standard hentry category-accueil category-nouvelles\">\n\t\t\t<h3 class=\"post_title\"><a href=\"https:\/\/www.mileendmission.org\/fr\/mission-mile-end-au-service-des-plus-demunis\/\">Mission Mile-End, au service des plus d\u00e9munis<\/a><\/h3>\n\t\t\t<div class=\"post_content clearfix\">\n\t\t\t\t\t\t\t\t\t\t<div class=\"post_info\">\n\t\t\t\t\n\t\t\t\t\t<span class=\"post_info_item post_info_posted_by\"><span class=\"user_avatar\"><\/span><a href=\"https:\/\/www.mileendmission.org\/fr\/author\/mileend\/\" class=\"post_info_author\">MileEnd<\/a><\/span>\n\t\t\t\t\t\t\t\t\t<span class=\"post_info_item post_info_posted\"> <a href=\"https:\/\/www.mileendmission.org\/fr\/mission-mile-end-au-service-des-plus-demunis\/\" class=\"post_info_date\">8 October 2021<\/a><\/span>\n\t\t\t\t\t\t\t\t\t<span class=\"post_info_item post_info_tags\"><a class=\"category_link\" href=\"https:\/\/www.mileendmission.org\/fr\/category\/accueil\/\">Accueil<\/a>, <a class=\"category_link\" href=\"https:\/\/www.mileendmission.org\/fr\/category\/nouvelles\/\">Nouvelles<\/a><\/span>\n\t\t\t\t\t\t\t\t\t\t<span class=\"post_info_item post_info_counters\">\t<a class=\"post_counters_item post_counters_views icon-eye-light\" title=\"Views - 1308\" href=\"https:\/\/www.mileendmission.org\/fr\/mission-mile-end-au-service-des-plus-demunis\/\">1308 Views<\/a>\n\t<\/span>\n\t\t\t\t\t\t\t\t<\/div>\n\n\t\t\t\t<div class=\"post_descr\">\n\t\t\t\t<p>Linda Lou Hachey est depuis une douzaine d\u2019ann\u00e9es la directrice de l\u2019organisme Mission Mile-End. Bien plus qu\u2019un travail, c\u2019est une famille qu\u2019elle a trouv\u00e9e en rejoignant l\u2019incroyable \u00e9quipe de b\u00e9n\u00e9voles<\/p><a href=\"https:\/\/www.mileendmission.org\/fr\/mission-mile-end-au-service-des-plus-demunis\/\" class=\"sc_button sc_button_square sc_button_style_filled sc_button_size_small\">En savoir plus<\/a>\t\t\t\t<\/div>\n\t\t\t\t\t\t\t<\/div>\t<!-- \/.post_content -->\n\n\t\t<\/div>\t<!-- \/.post_item -->\n\n\t\t\t<div class=\"post_item post_item_excerpt post_featured_center post_format_standard odd post-4903 post type-post status-publish format-standard hentry category-accueil category-nouvelles\">\n\t\t\t<h3 class=\"post_title\"><a href=\"https:\/\/www.mileendmission.org\/fr\/nous-sommes-une-famille-et-nous-faisons-la-difference\/\">Nous sommes une famille et nous faisons la difference<\/a><\/h3>\n\t\t\t<div class=\"post_content clearfix\">\n\t\t\t\t\t\t\t\t\t\t<div class=\"post_info\">\n\t\t\t\t\n\t\t\t\t\t<span class=\"post_info_item post_info_posted_by\"><span class=\"user_avatar\"><\/span><a href=\"https:\/\/www.mileendmission.org\/fr\/author\/mileend\/\" class=\"post_info_author\">MileEnd<\/a><\/span>\n\t\t\t\t\t\t\t\t\t<span class=\"post_info_item post_info_posted\"> <a href=\"https:\/\/www.mileendmission.org\/fr\/nous-sommes-une-famille-et-nous-faisons-la-difference\/\" class=\"post_info_date\">17 September 2019<\/a><\/span>\n\t\t\t\t\t\t\t\t\t<span class=\"post_info_item post_info_tags\"><a class=\"category_link\" href=\"https:\/\/www.mileendmission.org\/fr\/category\/accueil\/\">Accueil<\/a>, <a class=\"category_link\" href=\"https:\/\/www.mileendmission.org\/fr\/category\/nouvelles\/\">Nouvelles<\/a><\/span>\n\t\t\t\t\t\t\t\t\t\t<span class=\"post_info_item post_info_counters\">\t<a class=\"post_counters_item post_counters_views icon-eye-light\" title=\"Views - 1565\" href=\"https:\/\/www.mileendmission.org\/fr\/nous-sommes-une-famille-et-nous-faisons-la-difference\/\">1565 Views<\/a>\n\t<\/span>\n\t\t\t\t\t\t\t\t<\/div>\n\n\t\t\t\t<div class=\"post_descr\">\n\t\t\t\t<p>Les membres de la Mission communautaire Mile-End forment un groupe vraiment unique, int\u00e9ressant, et merveilleux et ils apportent chacun leurs diverses exp\u00e9riences de vie. Comptant plus de 500 membres, la<\/p><a href=\"https:\/\/www.mileendmission.org\/fr\/nous-sommes-une-famille-et-nous-faisons-la-difference\/\" class=\"sc_button sc_button_square sc_button_style_filled sc_button_size_small\">En savoir plus<\/a>\t\t\t\t<\/div>\n\t\t\t\t\t\t\t<\/div>\t<!-- \/.post_content -->\n\n\t\t<\/div>\t<!-- \/.post_item -->\n\n\t\t\t<div class=\"post_item post_item_excerpt post_featured_center post_format_standard even last post-4897 post type-post status-publish format-standard hentry category-accueil category-nouvelles\">\n\t\t\t<h3 class=\"post_title\"><a href=\"https:\/\/www.mileendmission.org\/fr\/une-petite-video-sur-notre-programme-de-yoga\/\">une petite vid\u00e9o sur notre programme de yoga &#x1f64f;<\/a><\/h3>\n\t\t\t<div class=\"post_content clearfix\">\n\t\t\t\t\t\t\t\t\t\t<div class=\"post_info\">\n\t\t\t\t\n\t\t\t\t\t<span class=\"post_info_item post_info_posted_by\"><span class=\"user_avatar\"><\/span><a href=\"https:\/\/www.mileendmission.org\/fr\/author\/mileend\/\" class=\"post_info_author\">MileEnd<\/a><\/span>\n\t\t\t\t\t\t\t\t\t<span class=\"post_info_item post_info_posted\"> <a href=\"https:\/\/www.mileendmission.org\/fr\/une-petite-video-sur-notre-programme-de-yoga\/\" class=\"post_info_date\">29 August 2019<\/a><\/span>\n\t\t\t\t\t\t\t\t\t<span class=\"post_info_item post_info_tags\"><a class=\"category_link\" href=\"https:\/\/www.mileendmission.org\/fr\/category\/accueil\/\">Accueil<\/a>, <a class=\"category_link\" href=\"https:\/\/www.mileendmission.org\/fr\/category\/nouvelles\/\">Nouvelles<\/a><\/span>\n\t\t\t\t\t\t\t\t\t\t<span class=\"post_info_item post_info_counters\">\t<a class=\"post_counters_item post_counters_views icon-eye-light\" title=\"Views - 1326\" href=\"https:\/\/www.mileendmission.org\/fr\/une-petite-video-sur-notre-programme-de-yoga\/\">1326 Views<\/a>\n\t<\/span>\n\t\t\t\t\t\t\t\t<\/div>\n\n\t\t\t\t<div class=\"post_descr\">\n\t\t\t\t<a href=\"https:\/\/www.mileendmission.org\/fr\/une-petite-video-sur-notre-programme-de-yoga\/\" class=\"sc_button sc_button_square sc_button_style_filled sc_button_size_small\">En savoir plus<\/a>\t\t\t\t<\/div>\n\t\t\t\t\t\t\t<\/div>\t<!-- \/.post_content -->\n\n\t\t<\/div>\t<!-- \/.post_item -->\n\n\t<\/div>[\/vc_column][vc_column width=\u00a0\u00bb1\/3&Prime;][vc_widget_sidebar sidebar_id=\u00a0\u00bbsidebar_main\u00a0\u00bb][\/vc_column][\/vc_row][vc_row][vc_column width=\u00a0\u00bb1\/2&Prime;][vc_cta h2=\u00a0\u00bbNotre Objectif\u00a0\u00bb color=\u00a0\u00bbblack\u00a0\u00bb css=\u00a0\u00bb.vc_custom_1464993793664{background-color: #fff380 !important;}\u00a0\u00bb]De cr\u00e9er un lieu agr\u00e9able et s\u00fbr au sein de notre communaut\u00e9, ainsi que de r\u00e9pondre aux besoins pratiques, psychologiques et spirituels des individus \u00e0 faible revenu du quartier du Mile-End.[\/vc_cta][\/vc_column][vc_column width=\u00a0\u00bb1\/2&Prime;][vc_cta h2=\u00a0\u00bbNotre Vision\u00a0\u00bb color=\u00a0\u00bbwhite\u00a0\u00bb css=\u00a0\u00bb.vc_custom_1464708834520{background-color: #82cafa !important;}\u00a0\u00bb]De continuer \u00e0 grandir en tant qu\u2019un centre de soins et lieu d\u2019inclusion et d\u2019espoir; enrichissant notre communaut\u00e9 depuis 1991.[\/vc_cta][\/vc_column][\/vc_row][vc_row][vc_column][\/vc_column][\/vc_row]<\/p>\n<\/div>","protected":false},"excerpt":{"rendered":"<p>[vc_row][vc_column][vc_custom_heading text=\u00a0\u00bb\u00a0\u00bb font_container=\u00a0\u00bbtag:h2|font_size:36|text_align:center|color:%231e73be\u00a0\u00bb use_theme_fonts=\u00a0\u00bbyes\u00a0\u00bb css_animation=\u00a0\u00bbfadeIn\u00a0\u00bb link=\u00a0\u00bb|||\u00a0\u00bb][\/vc_column][\/vc_row][vc_row][vc_column][vc_column_text css=\u00a0\u00bb\u00a0\u00bb] &nbsp; &nbsp; [\/vc_column_text][\/vc_column][\/vc_row][vc_row][vc_column][vc_separator color=\u00a0\u00bborange\u00a0\u00bb][vc_column_text css=\u00a0\u00bb.vc_custom_1727449242296{margin-top: 40px !important;margin-right: 40px !important;margin-bottom: 40px !important;margin-left: 40px !important;padding-top: 20px !important;padding-right: 20px !important;padding-bottom: 20px !important;padding-left: 20px !important;background-color: #fff380 !important;}\u00a0\u00bb][&hellip;]<\/p>\n","protected":false},"author":2,"featured_media":0,"parent":0,"menu_order":0,"comment_status":"closed","ping_status":"closed","template":"","meta":{"footnotes":""},"class_list":["post-75","page","type-page","status-publish","hentry"],"_links":{"self":[{"href":"https:\/\/www.mileendmission.org\/fr\/wp-json\/wp\/v2\/pages\/75","targetHints":{"allow":["GET"]}}],"collection":[{"href":"https:\/\/www.mileendmission.org\/fr\/wp-json\/wp\/v2\/pages"}],"about":[{"href":"https:\/\/www.mileendmission.org\/fr\/wp-json\/wp\/v2\/types\/page"}],"author":[{"embeddable":true,"href":"https:\/\/www.mileendmission.org\/fr\/wp-json\/wp\/v2\/users\/2"}],"replies":[{"embeddable":true,"href":"https:\/\/www.mileendmission.org\/fr\/wp-json\/wp\/v2\/comments?post=75"}],"version-history":[{"count":108,"href":"https:\/\/www.mileendmission.org\/fr\/wp-json\/wp\/v2\/pages\/75\/revisions"}],"predecessor-version":[{"id":5609,"href":"https:\/\/www.mileendmission.org\/fr\/wp-json\/wp\/v2\/pages\/75\/revisions\/5609"}],"wp:attachment":[{"href":"https:\/\/www.mileendmission.org\/fr\/wp-json\/wp\/v2\/media?parent=75"}],"curies":[{"name":"wp","href":"https:\/\/api.w.org\/{rel}","templated":true}]}}