{"id":779,"date":"2011-06-09T17:02:58","date_gmt":"2011-06-09T21:02:58","guid":{"rendered":"https:\/\/www.mileendmission.org\/?page_id=779"},"modified":"2019-01-31T13:05:08","modified_gmt":"2019-01-31T18:05:08","slug":"formulaire-benevoles","status":"publish","type":"page","link":"https:\/\/www.mileendmission.org\/fr\/formulaire-benevoles\/","title":{"rendered":"Formulaire b\u00e9n\u00e9voles"},"content":{"rendered":"<div class=\"wpforms-container wpforms-container-full\" id=\"wpforms-4796\"><form id=\"wpforms-form-4796\" class=\"wpforms-validate wpforms-form\" data-formid=\"4796\" method=\"post\" enctype=\"multipart\/form-data\" action=\"\/fr\/wp-json\/wp\/v2\/pages\/779\" data-token=\"781ff7141ab3a1a519bae1ec98982fbe\" data-token-time=\"1777684748\"><noscript class=\"wpforms-error-noscript\">Veuillez activer JavaScript dans votre navigateur pour remplir ce formulaire.<\/noscript><div class=\"wpforms-field-container\"><div id=\"wpforms-4796-field_1-container\" class=\"wpforms-field wpforms-field-text\" data-field-id=\"1\"><label class=\"wpforms-field-label\" for=\"wpforms-4796-field_1\">Nom <span class=\"wpforms-required-label\">*<\/span><\/label><input type=\"text\" id=\"wpforms-4796-field_1\" class=\"wpforms-field-medium wpforms-field-required\" name=\"wpforms[fields][1]\" required><\/div><div id=\"wpforms-4796-field_2-container\" class=\"wpforms-field wpforms-field-text\" data-field-id=\"2\"><label class=\"wpforms-field-label\" for=\"wpforms-4796-field_2\">Courriel <span class=\"wpforms-required-label\">*<\/span><\/label><input type=\"text\" id=\"wpforms-4796-field_2\" class=\"wpforms-field-medium wpforms-field-required\" name=\"wpforms[fields][2]\" required><\/div><div id=\"wpforms-4796-field_4-container\" class=\"wpforms-field wpforms-field-text\" data-field-id=\"4\"><label class=\"wpforms-field-label\" for=\"wpforms-4796-field_4\">Addresse <span class=\"wpforms-required-label\">*<\/span><\/label><input type=\"text\" id=\"wpforms-4796-field_4\" class=\"wpforms-field-medium wpforms-field-required\" name=\"wpforms[fields][4]\" required><\/div><div id=\"wpforms-4796-field_3-container\" class=\"wpforms-field wpforms-field-text\" data-field-id=\"3\"><label class=\"wpforms-field-label\" for=\"wpforms-4796-field_3\">T\u00e9l\u00e9phone <span class=\"wpforms-required-label\">*<\/span><\/label><input type=\"text\" id=\"wpforms-4796-field_3\" class=\"wpforms-field-small wpforms-field-required\" name=\"wpforms[fields][3]\" required><\/div><div id=\"wpforms-4796-field_6-container\" class=\"wpforms-field wpforms-field-text\" data-field-id=\"6\"><label class=\"wpforms-field-label\" for=\"wpforms-4796-field_6\">Travail Actuel<\/label><input type=\"text\" id=\"wpforms-4796-field_6\" class=\"wpforms-field-medium\" name=\"wpforms[fields][6]\" ><\/div><div id=\"wpforms-4796-field_5-container\" class=\"wpforms-field wpforms-field-text\" data-field-id=\"5\"><label class=\"wpforms-field-label\" for=\"wpforms-4796-field_5\">Nom et num\u00e9ro de t\u00e9l\u00e9phone du Contact d&#039;Urgence <span class=\"wpforms-required-label\">*<\/span><\/label><input type=\"text\" id=\"wpforms-4796-field_5\" class=\"wpforms-field-medium wpforms-field-required\" name=\"wpforms[fields][5]\" required><\/div><div id=\"wpforms-4796-field_10-container\" class=\"wpforms-field wpforms-field-checkbox\" data-field-id=\"10\"><label class=\"wpforms-field-label\">Langues que vous parlez <span class=\"wpforms-required-label\">*<\/span><\/label><ul id=\"wpforms-4796-field_10\" class=\"wpforms-field-required\"><li class=\"choice-1 depth-1\"><input type=\"checkbox\" id=\"wpforms-4796-field_10_1\" name=\"wpforms[fields][10][]\" value=\"Anglais\" required ><label class=\"wpforms-field-label-inline\" for=\"wpforms-4796-field_10_1\">Anglais<\/label><\/li><li class=\"choice-2 depth-1\"><input type=\"checkbox\" id=\"wpforms-4796-field_10_2\" name=\"wpforms[fields][10][]\" value=\"Francais\" required ><label class=\"wpforms-field-label-inline\" for=\"wpforms-4796-field_10_2\">Francais<\/label><\/li><li class=\"choice-3 depth-1\"><input type=\"checkbox\" id=\"wpforms-4796-field_10_3\" name=\"wpforms[fields][10][]\" value=\"Espanol\" required ><label class=\"wpforms-field-label-inline\" for=\"wpforms-4796-field_10_3\">Espanol<\/label><\/li><\/ul><\/div><div id=\"wpforms-4796-field_19-container\" class=\"wpforms-field wpforms-field-checkbox wpforms-list-2-columns\" data-field-id=\"19\"><label class=\"wpforms-field-label\">Comment pouvez-vous nous aider? <span class=\"wpforms-required-label\">*<\/span><\/label><ul id=\"wpforms-4796-field_19\" class=\"wpforms-field-required\"><li class=\"choice-1 depth-1\"><input type=\"checkbox\" id=\"wpforms-4796-field_19_1\" name=\"wpforms[fields][19][]\" value=\"Cuisine\" required ><label class=\"wpforms-field-label-inline\" for=\"wpforms-4796-field_19_1\">Cuisine<\/label><\/li><li class=\"choice-2 depth-1\"><input type=\"checkbox\" id=\"wpforms-4796-field_19_2\" name=\"wpforms[fields][19][]\" value=\"Tri des dons\" required ><label class=\"wpforms-field-label-inline\" for=\"wpforms-4796-field_19_2\">Tri des dons<\/label><\/li><li class=\"choice-3 depth-1\"><input type=\"checkbox\" id=\"wpforms-4796-field_19_3\" name=\"wpforms[fields][19][]\" value=\"Bureau\" required ><label class=\"wpforms-field-label-inline\" for=\"wpforms-4796-field_19_3\">Bureau<\/label><\/li><li class=\"choice-4 depth-1\"><input type=\"checkbox\" id=\"wpforms-4796-field_19_4\" name=\"wpforms[fields][19][]\" value=\"Traduction\" required ><label class=\"wpforms-field-label-inline\" for=\"wpforms-4796-field_19_4\">Traduction<\/label><\/li><li class=\"choice-5 depth-1\"><input type=\"checkbox\" id=\"wpforms-4796-field_19_5\" name=\"wpforms[fields][19][]\" value=\"les mercredis de la Musique\" required ><label class=\"wpforms-field-label-inline\" for=\"wpforms-4796-field_19_5\">les mercredis de la Musique<\/label><\/li><li class=\"choice-6 depth-1\"><input type=\"checkbox\" id=\"wpforms-4796-field_19_6\" name=\"wpforms[fields][19][]\" value=\"Lev\u00e9e de fonds\" required ><label class=\"wpforms-field-label-inline\" for=\"wpforms-4796-field_19_6\">Lev\u00e9e de fonds<\/label><\/li><li class=\"choice-7 depth-1\"><input type=\"checkbox\" id=\"wpforms-4796-field_19_7\" name=\"wpforms[fields][19][]\" value=\"\u00c9v\u00e9nements sp\u00e9ciaux\" required ><label class=\"wpforms-field-label-inline\" for=\"wpforms-4796-field_19_7\">\u00c9v\u00e9nements sp\u00e9ciaux<\/label><\/li><\/ul><\/div><div id=\"wpforms-4796-field_11-container\" class=\"wpforms-field wpforms-field-checkbox wpforms-list-inline\" data-field-id=\"11\"><label class=\"wpforms-field-label\">Disponibilit\u00e9 - les lundis<\/label><ul id=\"wpforms-4796-field_11\"><li class=\"choice-1 depth-1\"><input type=\"checkbox\" id=\"wpforms-4796-field_11_1\" name=\"wpforms[fields][11][]\" value=\"matin\"  ><label class=\"wpforms-field-label-inline\" for=\"wpforms-4796-field_11_1\">matin<\/label><\/li><\/ul><\/div><div id=\"wpforms-4796-field_12-container\" class=\"wpforms-field wpforms-field-checkbox wpforms-list-inline\" data-field-id=\"12\"><label class=\"wpforms-field-label\">les mardis<\/label><ul id=\"wpforms-4796-field_12\"><li class=\"choice-1 depth-1\"><input type=\"checkbox\" id=\"wpforms-4796-field_12_1\" name=\"wpforms[fields][12][]\" value=\"matin\"  ><label class=\"wpforms-field-label-inline\" for=\"wpforms-4796-field_12_1\">matin<\/label><\/li><\/ul><\/div><div id=\"wpforms-4796-field_13-container\" class=\"wpforms-field wpforms-field-checkbox wpforms-list-inline\" data-field-id=\"13\"><label class=\"wpforms-field-label\">Wednesdays<\/label><ul id=\"wpforms-4796-field_13\"><li class=\"choice-1 depth-1\"><input type=\"checkbox\" id=\"wpforms-4796-field_13_1\" name=\"wpforms[fields][13][]\" value=\"matin\"  ><label class=\"wpforms-field-label-inline\" for=\"wpforms-4796-field_13_1\">matin<\/label><\/li><\/ul><\/div><div id=\"wpforms-4796-field_14-container\" class=\"wpforms-field wpforms-field-checkbox wpforms-list-inline\" data-field-id=\"14\"><label class=\"wpforms-field-label\">Thursdays<\/label><ul id=\"wpforms-4796-field_14\"><li class=\"choice-1 depth-1\"><input type=\"checkbox\" id=\"wpforms-4796-field_14_1\" name=\"wpforms[fields][14][]\" value=\"matin\"  ><label class=\"wpforms-field-label-inline\" for=\"wpforms-4796-field_14_1\">matin<\/label><\/li><\/ul><\/div><div id=\"wpforms-4796-field_15-container\" class=\"wpforms-field wpforms-field-checkbox wpforms-list-inline\" data-field-id=\"15\"><label class=\"wpforms-field-label\">Fridays<\/label><ul id=\"wpforms-4796-field_15\"><li class=\"choice-1 depth-1\"><input type=\"checkbox\" id=\"wpforms-4796-field_15_1\" name=\"wpforms[fields][15][]\" value=\"matin\"  ><label class=\"wpforms-field-label-inline\" for=\"wpforms-4796-field_15_1\">matin<\/label><\/li><\/ul><\/div><div id=\"wpforms-4796-field_17-container\" class=\"wpforms-field wpforms-field-text\" data-field-id=\"17\"><label class=\"wpforms-field-label\" for=\"wpforms-4796-field_17\">Quand pouvez-vous commencer? <span class=\"wpforms-required-label\">*<\/span><\/label><input type=\"text\" id=\"wpforms-4796-field_17\" class=\"wpforms-field-small wpforms-field-required\" name=\"wpforms[fields][17]\" required><\/div><div id=\"wpforms-4796-field_23-container\" class=\"wpforms-field wpforms-field-checkbox wpforms-list-inline\" data-field-id=\"23\"><label class=\"wpforms-field-label\">Engagement <span class=\"wpforms-required-label\">*<\/span><\/label><ul id=\"wpforms-4796-field_23\" class=\"wpforms-field-required\"><li class=\"choice-1 depth-1\"><input type=\"checkbox\" id=\"wpforms-4796-field_23_1\" name=\"wpforms[fields][23][]\" value=\"Chaque semaine\" required ><label class=\"wpforms-field-label-inline\" for=\"wpforms-4796-field_23_1\">Chaque semaine<\/label><\/li><li class=\"choice-2 depth-1\"><input type=\"checkbox\" id=\"wpforms-4796-field_23_2\" name=\"wpforms[fields][23][]\" value=\"Occasionnel \/ Temporaire\" required ><label class=\"wpforms-field-label-inline\" for=\"wpforms-4796-field_23_2\">Occasionnel \/ Temporaire<\/label><\/li><\/ul><\/div><div id=\"wpforms-4796-field_20-container\" class=\"wpforms-field wpforms-field-textarea\" data-field-id=\"20\"><label class=\"wpforms-field-label\" for=\"wpforms-4796-field_20\">Pourquoi voulez-vous faire du b\u00e9n\u00e9volat?<\/label><textarea id=\"wpforms-4796-field_20\" class=\"wpforms-field-medium\" name=\"wpforms[fields][20]\" ><\/textarea><\/div><div id=\"wpforms-4796-field_21-container\" class=\"wpforms-field wpforms-field-textarea\" data-field-id=\"21\"><label class=\"wpforms-field-label\" for=\"wpforms-4796-field_21\">Quelles sont vos comp\u00e9tences et tes points forts?<\/label><textarea id=\"wpforms-4796-field_21\" class=\"wpforms-field-medium\" name=\"wpforms[fields][21]\" ><\/textarea><\/div><\/div><!-- .wpforms-field-container --><div class=\"wpforms-field wpforms-field-hp\"><label for=\"wpforms-4796-field-hp\" class=\"wpforms-field-label\">Email<\/label><input type=\"text\" name=\"wpforms[hp]\" id=\"wpforms-4796-field-hp\" class=\"wpforms-field-medium\"><\/div><div class=\"wpforms-submit-container\" ><input type=\"hidden\" name=\"wpforms[id]\" value=\"4796\"><input type=\"hidden\" name=\"page_title\" value=\"\"><input type=\"hidden\" name=\"page_url\" value=\"https:\/\/www.mileendmission.org\/fr\/wp-json\/wp\/v2\/pages\/779\"><input type=\"hidden\" name=\"url_referer\" value=\"\"><button type=\"submit\" name=\"wpforms[submit]\" id=\"wpforms-submit-4796\" class=\"wpforms-submit\" data-alt-text=\"Envoi...\" data-submit-text=\"Soumettre\" aria-live=\"assertive\" value=\"wpforms-submit\">Soumettre<\/button><\/div><\/form><\/div>  <!-- .wpforms-container -->\n","protected":false},"excerpt":{"rendered":"Veuillez activer JavaScript dans votre navigateur pour remplir ce formulaire.Nom *Courriel *Addresse *T\u00e9l\u00e9phone *Travail ActuelNom et num\u00e9ro de t\u00e9l\u00e9phone du Contact d&#039;Urgence *Langues que vous parlez *AnglaisFrancaisEspanolComment pouvez-vous nous aider? [...]","protected":false},"author":2,"featured_media":0,"parent":0,"menu_order":0,"comment_status":"closed","ping_status":"open","template":"","meta":{"footnotes":""},"class_list":["post-779","page","type-page","status-publish","hentry"],"_links":{"self":[{"href":"https:\/\/www.mileendmission.org\/fr\/wp-json\/wp\/v2\/pages\/779","targetHints":{"allow":["GET"]}}],"collection":[{"href":"https:\/\/www.mileendmission.org\/fr\/wp-json\/wp\/v2\/pages"}],"about":[{"href":"https:\/\/www.mileendmission.org\/fr\/wp-json\/wp\/v2\/types\/page"}],"author":[{"embeddable":true,"href":"https:\/\/www.mileendmission.org\/fr\/wp-json\/wp\/v2\/users\/2"}],"replies":[{"embeddable":true,"href":"https:\/\/www.mileendmission.org\/fr\/wp-json\/wp\/v2\/comments?post=779"}],"version-history":[{"count":1,"href":"https:\/\/www.mileendmission.org\/fr\/wp-json\/wp\/v2\/pages\/779\/revisions"}],"predecessor-version":[{"id":4797,"href":"https:\/\/www.mileendmission.org\/fr\/wp-json\/wp\/v2\/pages\/779\/revisions\/4797"}],"wp:attachment":[{"href":"https:\/\/www.mileendmission.org\/fr\/wp-json\/wp\/v2\/media?parent=779"}],"curies":[{"name":"wp","href":"https:\/\/api.w.org\/{rel}","templated":true}]}}