{"id":88,"date":"2011-04-27T21:50:32","date_gmt":"2011-04-27T21:50:32","guid":{"rendered":"https:\/\/www.mileendmission.org\/?page_id=88"},"modified":"2016-07-15T12:55:36","modified_gmt":"2016-07-15T16:55:36","slug":"apercu","status":"publish","type":"page","link":"https:\/\/www.mileendmission.org\/fr\/apercu\/","title":{"rendered":"Aper\u00e7u"},"content":{"rendered":"<div class=\"wpb-content-wrapper\"><p>[vc_row equal_height=\u00a0\u00bbyes\u00a0\u00bb content_placement=\u00a0\u00bbmiddle\u00a0\u00bb][vc_column width=\u00a0\u00bb2\/3&Prime;][vc_cta h2=\u00a0\u00bbBesoins de base\u00a0\u00bb color=\u00a0\u00bbwhite\u00a0\u00bb css=\u00a0\u00bb.vc_custom_1468600976752{background-color: #82cafa !important;}\u00a0\u00bb]<\/p>\n<ul>\n<li><a href=\"https:\/\/www.mileendmission.org\/fr\/programmes-alimentaires\/\">Repas chauds<\/a><\/li>\n<li><a href=\"https:\/\/www.mileendmission.org\/fr\/programmes-alimentaires\/\">Banque alimentaire hebdomadaire<\/a><\/li>\n<li>L&rsquo;acc\u00e8s aux produits biologiques \u00e0 travers un agriculteur local (Ferme Cadel Roussel)<\/li>\n<li>Collations et rafra\u00eechissements durant le halte- programme<\/li>\n<li>Sacs de nourriture d&rsquo;urgence<\/li>\n<li><a href=\"https:\/\/www.mileendmission.org\/fr\/la-friperie-joyce\/\">Friperie Joyce<\/a> : des v\u00eatements abordables, petits articles m\u00e9nagers, etc.<\/li>\n<li>Acc\u00e8s \u00e0 <a href=\"https:\/\/www.mileendmission.org\/fr\/programmes\/clinique-dentaire\/\">clinique dentaire mobile<\/a><\/li>\n<\/ul>\n<p>[\/vc_cta][\/vc_column][vc_column width=\u00a0\u00bb1\/3&Prime;][vc_column_text]<img loading=\"lazy\" decoding=\"async\" class=\"aligncenter wp-image-658 size-full\" title=\"Groceries\" src=\"https:\/\/www.mileendmission.org\/wp-content\/uploads\/2011\/04\/groceries-in-bags.jpg\" width=\"290\" height=\"219\" \/>[\/vc_column_text][\/vc_column][\/vc_row][vc_row][vc_column][vc_empty_space][\/vc_column][\/vc_row][vc_row][vc_column width=\u00a0\u00bb2\/3&Prime;][vc_cta h2=\u00a0\u00bbAppartenance \u00e0 la communaut\u00e9\u00a0\u00bb color=\u00a0\u00bbmulled-wine\u00a0\u00bb css=\u00a0\u00bb.vc_custom_1468601385696{background-color: #fff380 !important;}\u00a0\u00bb]<\/p>\n<ul>\n<li><a href=\"https:\/\/www.mileendmission.org\/fr\/lart\/\">Programme d&rsquo;art communautaire<\/a><\/li>\n<li>Programme de yoga hebdomadaire<\/li>\n<li>Halte- programme et activit\u00e9s<\/li>\n<li>Acc\u00e8s \u00e0 ordinateur , connexion Internet, et t\u00e9l\u00e9phone<\/li>\n<li>Sorties communautaires , des activit\u00e9s et des \u00e9v\u00e9nements sp\u00e9ciaux<\/li>\n<li><a href=\"https:\/\/www.mileendmission.org\/fr\/programmes-alimentaires\/\">Fin du mois d\u00eener communautaire<\/a><\/li>\n<li>Possibilit\u00e9s de l&rsquo;\u00e9quipe de direction\u00a0pour les membres<\/li>\n<\/ul>\n<p>[\/vc_cta][\/vc_column][vc_column width=\u00a0\u00bb1\/3&Prime;][vc_column_text]<img loading=\"lazy\" decoding=\"async\" class=\"aligncenter wp-image-279 size-full\" title=\"Kayla\" src=\"https:\/\/www.mileendmission.org\/wp-content\/uploads\/2011\/04\/Kayla-Xmas-dinner-08.jpg\" width=\"235\" height=\"291\" \/>[\/vc_column_text][\/vc_column][\/vc_row][vc_row][vc_column][vc_empty_space][\/vc_column][\/vc_row][vc_row][vc_column][vc_cta h2=\u00a0\u00bbPlaidoyer et services de soutien\u00a0\u00bb color=\u00a0\u00bbwhite\u00a0\u00bb css=\u00a0\u00bb.vc_custom_1468601365131{background-color: #82cafa !important;}\u00a0\u00bb]<\/p>\n<ul>\n<li>Information, services de r\u00e9f\u00e9rence et de soutien , y compris des conseils , la sensibilisation et l&rsquo;accompagnement.<\/li>\n<li>Acc\u00e8s \u00e0 la <a href=\"https:\/\/www.mileendmission.org\/fr\/clinique-juridique\/\">Clinique juridique du Mile End<\/a><\/li>\n<\/ul>\n<p>[\/vc_cta][\/vc_column][\/vc_row][vc_row][vc_column][vc_btn title=\u00a0\u00bbCliquez ici pour consulter l&rsquo;Horaire\u00a0\u00bb size=\u00a0\u00bblg\u00a0\u00bb align=\u00a0\u00bbcenter\u00a0\u00bb link=\u00a0\u00bburl:http%3A%2F%2Fwp201915.wpdns.ca%2Ffr%2Fhoraire%2F||\u00a0\u00bb button_block=\u00a0\u00bbtrue\u00a0\u00bb][\/vc_column][\/vc_row][vc_row][vc_column][vc_column_text]<img loading=\"lazy\" decoding=\"async\" class=\"aligncenter size-full wp-image-286\" style=\"border: black 1px solid;\" title=\"Outings\" src=\"https:\/\/www.mileendmission.org\/wp-content\/uploads\/2011\/04\/Suguring-Off.jpg\" alt=\"\" width=\"432\" height=\"292\" srcset=\"https:\/\/www.mileendmission.org\/wp-content\/uploads\/2011\/04\/Suguring-Off.jpg 432w, https:\/\/www.mileendmission.org\/wp-content\/uploads\/2011\/04\/Suguring-Off-300x203.jpg 300w, https:\/\/www.mileendmission.org\/wp-content\/uploads\/2011\/04\/Suguring-Off-390x264.jpg 390w\" sizes=\"auto, (max-width: 432px) 100vw, 432px\" \/><\/p>\n<p>[\/vc_column_text][\/vc_column][\/vc_row]<\/p>\n<\/div>","protected":false},"excerpt":{"rendered":"<p>[vc_row equal_height=\u00a0\u00bbyes\u00a0\u00bb content_placement=\u00a0\u00bbmiddle\u00a0\u00bb][vc_column width=\u00a0\u00bb2\/3&Prime;][vc_cta h2=\u00a0\u00bbBesoins de base\u00a0\u00bb color=\u00a0\u00bbwhite\u00a0\u00bb css=\u00a0\u00bb.vc_custom_1468600976752{background-color: #82cafa !important;}\u00a0\u00bb] Repas chauds Banque alimentaire hebdomadaire L&rsquo;acc\u00e8s aux produits biologiques \u00e0 travers un agriculteur local (Ferme Cadel Roussel) Collations et [&hellip;]<\/p>\n","protected":false},"author":2,"featured_media":0,"parent":0,"menu_order":0,"comment_status":"closed","ping_status":"closed","template":"","meta":{"footnotes":""},"class_list":["post-88","page","type-page","status-publish","hentry"],"_links":{"self":[{"href":"https:\/\/www.mileendmission.org\/fr\/wp-json\/wp\/v2\/pages\/88","targetHints":{"allow":["GET"]}}],"collection":[{"href":"https:\/\/www.mileendmission.org\/fr\/wp-json\/wp\/v2\/pages"}],"about":[{"href":"https:\/\/www.mileendmission.org\/fr\/wp-json\/wp\/v2\/types\/page"}],"author":[{"embeddable":true,"href":"https:\/\/www.mileendmission.org\/fr\/wp-json\/wp\/v2\/users\/2"}],"replies":[{"embeddable":true,"href":"https:\/\/www.mileendmission.org\/fr\/wp-json\/wp\/v2\/comments?post=88"}],"version-history":[{"count":5,"href":"https:\/\/www.mileendmission.org\/fr\/wp-json\/wp\/v2\/pages\/88\/revisions"}],"predecessor-version":[{"id":3361,"href":"https:\/\/www.mileendmission.org\/fr\/wp-json\/wp\/v2\/pages\/88\/revisions\/3361"}],"wp:attachment":[{"href":"https:\/\/www.mileendmission.org\/fr\/wp-json\/wp\/v2\/media?parent=88"}],"curies":[{"name":"wp","href":"https:\/\/api.w.org\/{rel}","templated":true}]}}