{"id":92,"date":"2011-04-27T21:58:36","date_gmt":"2011-04-27T21:58:36","guid":{"rendered":"https:\/\/www.mileendmission.org\/?page_id=92"},"modified":"2023-11-07T12:22:29","modified_gmt":"2023-11-07T17:22:29","slug":"l-equipe","status":"publish","type":"page","link":"https:\/\/www.mileendmission.org\/fr\/l-equipe\/","title":{"rendered":"L\u2019\u00e9quipe"},"content":{"rendered":"<div class=\"wpb-content-wrapper\"><p>[vc_row][vc_column][vc_column_text]La Mission Communautaire Mile-End fonctionne quotidiennement gr\u00e2ce \u00e0 beaucoup de gens merveilleux.<\/p>\n<p>Notre \u00e9quipe est compos\u00e9e de:<\/p>\n<p><img loading=\"lazy\" decoding=\"async\" src=\"https:\/\/www.mileendmission.org\/wp-content\/uploads\/2011\/04\/Lou-231x300.jpg\" width=\"160\" height=\"200\" \/><\/p>\n<p>Linda (Lou) Hachey<br \/>\n<strong>Directrice Ex\u00e9cutif<\/strong><\/p>\n<p>&nbsp;<\/p>\n<p><img loading=\"lazy\" decoding=\"async\" src=\"https:\/\/www.mileendmission.org\/wp-content\/uploads\/2015\/07\/lori.jpg\" width=\"150\" height=\"180\" \/><br \/>\nLori Olson<br \/>\n<strong>G\u00e9rante des Programmes et Advocat pour les Membres<\/strong><\/p>\n<p>&nbsp;<\/p>\n<p><img loading=\"lazy\" decoding=\"async\" src=\"https:\/\/www.mileendmission.org\/wp-content\/uploads\/2011\/04\/trev.jpg\" alt=\"\" width=\"160\" height=\"160\" \/><br \/>\nTrevor Walker<br \/>\n<strong>Assistant de D\u00e9veloppement et Coordonnateur des B\u00e9n\u00e9voles<\/strong><\/p>\n<p>&nbsp;<\/p>\n<p><img loading=\"lazy\" decoding=\"async\" src=\"https:\/\/www.mileendmission.org\/wp-content\/uploads\/2023\/11\/missy.jpg\" alt=\"\" width=\"160\" height=\"160\" \/><br \/>\nMissy Olson<br \/>\n<strong>Responsable d&rsquo;\u00e9tage<\/strong><\/p>\n<p>&nbsp;<\/p>\n<p><img loading=\"lazy\" decoding=\"async\" src=\"https:\/\/www.mileendmission.org\/wp-content\/uploads\/2011\/04\/carleen-taylor.jpg\" alt=\"\" width=\"144\" height=\"144\" \/><br \/>\nCarleen Taylor<br \/>\n<strong>B\u00e9n\u00e9vole de l&rsquo;\u00e9quiqe de direction:<\/strong><br \/>\n<strong>Cuisine et Banque alimentaire<\/strong><\/p>\n<p>&nbsp;<\/p>\n<p><img loading=\"lazy\" decoding=\"async\" src=\"https:\/\/www.mileendmission.org\/wp-content\/uploads\/2011\/04\/doris-roberts.jpg\" alt=\"\" width=\"144\" height=\"144\" \/><br \/>\nDoris Roberts<br \/>\n<strong>B\u00e9n\u00e9vole de l&rsquo;\u00e9quiqe de direction:<\/strong><br \/>\n<strong>Friperie Joyce<\/strong><\/p>\n<p>&nbsp;<\/p>\n<p><img loading=\"lazy\" decoding=\"async\" src=\"https:\/\/www.mileendmission.org\/wp-content\/uploads\/2011\/04\/Joanne-Pic.jpg\" alt=\"Joanne Pic\" width=\"142\" height=\"147\" \/><br \/>\nJoanne Racette<br \/>\n<strong>B\u00e9n\u00e9vole de l&rsquo;\u00e9quiqe de direction:<\/strong><br \/>\n<strong>Programme de l&rsquo;Art Communautaire<\/strong>[\/vc_column_text][\/vc_column][\/vc_row]<\/p>\n<\/div>","protected":false},"excerpt":{"rendered":"<p>[vc_row][vc_column][vc_column_text]La Mission Communautaire Mile-End fonctionne quotidiennement gr\u00e2ce \u00e0 beaucoup de gens merveilleux. Notre \u00e9quipe est compos\u00e9e de: Linda (Lou) Hachey Directrice Ex\u00e9cutif &nbsp; Lori Olson G\u00e9rante des Programmes et Advocat [&hellip;]<\/p>\n","protected":false},"author":2,"featured_media":0,"parent":0,"menu_order":0,"comment_status":"closed","ping_status":"closed","template":"","meta":{"footnotes":""},"class_list":["post-92","page","type-page","status-publish","hentry"],"_links":{"self":[{"href":"https:\/\/www.mileendmission.org\/fr\/wp-json\/wp\/v2\/pages\/92","targetHints":{"allow":["GET"]}}],"collection":[{"href":"https:\/\/www.mileendmission.org\/fr\/wp-json\/wp\/v2\/pages"}],"about":[{"href":"https:\/\/www.mileendmission.org\/fr\/wp-json\/wp\/v2\/types\/page"}],"author":[{"embeddable":true,"href":"https:\/\/www.mileendmission.org\/fr\/wp-json\/wp\/v2\/users\/2"}],"replies":[{"embeddable":true,"href":"https:\/\/www.mileendmission.org\/fr\/wp-json\/wp\/v2\/comments?post=92"}],"version-history":[{"count":7,"href":"https:\/\/www.mileendmission.org\/fr\/wp-json\/wp\/v2\/pages\/92\/revisions"}],"predecessor-version":[{"id":5473,"href":"https:\/\/www.mileendmission.org\/fr\/wp-json\/wp\/v2\/pages\/92\/revisions\/5473"}],"wp:attachment":[{"href":"https:\/\/www.mileendmission.org\/fr\/wp-json\/wp\/v2\/media?parent=92"}],"curies":[{"name":"wp","href":"https:\/\/api.w.org\/{rel}","templated":true}]}}