{"id":95,"date":"2011-04-27T22:01:02","date_gmt":"2011-04-27T22:01:02","guid":{"rendered":"https:\/\/www.mileendmission.org\/?page_id=95"},"modified":"2025-04-02T08:41:46","modified_gmt":"2025-04-02T13:41:46","slug":"membres-du-conseil","status":"publish","type":"page","link":"https:\/\/www.mileendmission.org\/fr\/membres-du-conseil\/","title":{"rendered":"Les membres du Conseil"},"content":{"rendered":"<div class=\"wpb-content-wrapper\"><p>[vc_row][vc_column][vc_column_text]<\/p>\n<p style=\"text-align: center;\"><strong>Conseil d&rsquo;Administration, 2025<\/strong><\/p>\n<p>Nancy Greene, Pr\u00e9sident du Conseil<\/p>\n<p>Kevin Falk, Vice-Pr\u00e9sident du Conseil<\/p>\n<p>Jenny Geier, Tr\u00e9sorier<\/p>\n<p>Karla Falk, Secr\u00e9taire du Conseil<\/p>\n<p>Christopher Gardiner, Membre du Conseil<\/p>\n<p>Dr. Elizabeth Robinson, Membre du Conseil<\/p>\n<p>Lori Olson, Membre du Conseil<\/p>\n<p>Marnie Macdonald, Membre du Conseil<\/p>\n<p>Doris Roberts, Membre du Conseil<\/p>\n<p>Eleni Giannou, Membre du Conseil<\/p>\n<p>Gordie Scott, Membre du Conseil<\/p>\n<p>David Goodridge, Membre du Conseil<\/p>\n<p>~<\/p>\n<p>Emanual Kolyvas , Membre du Conseil honoraire<\/p>\n<p>Ivor Wharf, Membre du Conseil honoraire[\/vc_column_text][\/vc_column][\/vc_row]<\/p>\n<\/div>","protected":false},"excerpt":{"rendered":"<p>[vc_row][vc_column][vc_column_text] Conseil d&rsquo;Administration, 2025 Nancy Greene, Pr\u00e9sident du Conseil Kevin Falk, Vice-Pr\u00e9sident du Conseil Jenny Geier, Tr\u00e9sorier Karla Falk, Secr\u00e9taire du Conseil Christopher Gardiner, Membre du Conseil Dr. Elizabeth Robinson, [&hellip;]<\/p>\n","protected":false},"author":2,"featured_media":0,"parent":0,"menu_order":0,"comment_status":"closed","ping_status":"closed","template":"","meta":{"footnotes":""},"class_list":["post-95","page","type-page","status-publish","hentry"],"_links":{"self":[{"href":"https:\/\/www.mileendmission.org\/fr\/wp-json\/wp\/v2\/pages\/95","targetHints":{"allow":["GET"]}}],"collection":[{"href":"https:\/\/www.mileendmission.org\/fr\/wp-json\/wp\/v2\/pages"}],"about":[{"href":"https:\/\/www.mileendmission.org\/fr\/wp-json\/wp\/v2\/types\/page"}],"author":[{"embeddable":true,"href":"https:\/\/www.mileendmission.org\/fr\/wp-json\/wp\/v2\/users\/2"}],"replies":[{"embeddable":true,"href":"https:\/\/www.mileendmission.org\/fr\/wp-json\/wp\/v2\/comments?post=95"}],"version-history":[{"count":8,"href":"https:\/\/www.mileendmission.org\/fr\/wp-json\/wp\/v2\/pages\/95\/revisions"}],"predecessor-version":[{"id":5562,"href":"https:\/\/www.mileendmission.org\/fr\/wp-json\/wp\/v2\/pages\/95\/revisions\/5562"}],"wp:attachment":[{"href":"https:\/\/www.mileendmission.org\/fr\/wp-json\/wp\/v2\/media?parent=95"}],"curies":[{"name":"wp","href":"https:\/\/api.w.org\/{rel}","templated":true}]}}