{"id":99,"date":"2011-04-27T22:02:35","date_gmt":"2011-04-27T22:02:35","guid":{"rendered":"https:\/\/www.mileendmission.org\/?page_id=99"},"modified":"2016-07-12T10:20:37","modified_gmt":"2016-07-12T14:20:37","slug":"articles","status":"publish","type":"page","link":"https:\/\/www.mileendmission.org\/fr\/articles\/","title":{"rendered":"Articles"},"content":{"rendered":"<div class=\"wpb-content-wrapper\"><p>[vc_row][vc_column][vc_column_text]<img loading=\"lazy\" decoding=\"async\" class=\"alignleft size-full wp-image-323\" style=\"border: black 1px solid;\" title=\"Mission Belle\" src=\"https:\/\/www.mileendmission.org\/wp-content\/uploads\/2011\/04\/Mission-Belle.jpg\" alt=\"\" width=\"288\" height=\"240\" srcset=\"https:\/\/www.mileendmission.org\/wp-content\/uploads\/2011\/04\/Mission-Belle.jpg 360w, https:\/\/www.mileendmission.org\/wp-content\/uploads\/2011\/04\/Mission-Belle-300x250.jpg 300w\" sizes=\"auto, (max-width: 288px) 100vw, 288px\" \/><strong>Chronique de Mission Belle, th\u00e9rapeute f\u00e9lin de la Mission Mile-End<\/strong><\/p>\n<p>Comme je suis f\u00e9line, sensitive, orgueilleuse et proche des gens, j&rsquo;ai envie dans cette chronique de vous parler des grandes et petites victoires des gens de la Mission. Comme vous le savez, 20% de notre client\u00e8le est diab\u00e9tique. Je\u00a0veux ici souligner la pers\u00e9v\u00e9rance quotidienne et la victoire d&rsquo;une dame diagnostiqu\u00e9e pr\u00e9diab\u00e9tique. Son courage lui a permis de changer compl\u00e8tement son alimentation et de perdre le poids n\u00e9cessaire pour ne pas avoir \u00e0 utiliser de l&rsquo;insuline.<\/p>\n<p>Je ne vous parle pas de nos trois survivantes du cancer du sein, de cinq ans, trois ans et un an et demi, ni du chagrin de la perte d&rsquo;une m\u00e8re, mais plut\u00f4t et aussi de nos petites victoires quotidiennes qui nous permettent de nous\u00a0changer les id\u00e9es dans des situations financi\u00e8res et\/ou\u00a0m\u00e9dicales pas toujours\u00a0\u00e9videntes.<\/p>\n<p>Les victoires sur le quotidien sont d\u00e9licieuses,\u00a0par exemple\u00a0quand je distrais les gens en m&rsquo;amusant \u00e0 jouer \u00e0 la corde ou \u00e0 attraper la lumi\u00e8re gr\u00e2ce \u00e0 un jeu de miroir. Quand je fais semblant de dormir, j&rsquo;observe comment tous nos b\u00e9n\u00e9voles forment une fourmili\u00e8re intentionn\u00e9e et d\u00e9vou\u00e9e. Je vois ainsi le sourire de l&rsquo;une en remettant les sacs de la banque alimentaire, l&#8217;empressement d&rsquo;un autre pour nettoyer la table apr\u00e8s les lunch et les trieurs et trieuses de v\u00eatements&#8230; quelle belle \u00e9quipe! Moi, j&rsquo;en attraperais des allergies. Si, parfois, pour la vaisselle, ce n&rsquo;est pas \u00e9vident, j&rsquo;appr\u00e9cie toujours en ronronnant les\u00a0applaudissements qui remercient\u00a0ceux qui ont pr\u00e9par\u00e9 les repas et j&rsquo;admire la motivation de ceux qui participent\u00a0pour la premi\u00e8re fois \u00e0 une Exposition Images de Femmes.\u00a0 Je vous le dis, ils savent vivre, ces humains! Ils sont nobles, dignes et m\u00e9ritent que vous les souteniez.<\/p>\n<p>Faites comme moi, aidez-les! Il n&rsquo;en tient qu&rsquo;\u00e0 vous d&#8217;embellir la vie de vos voisins.<\/p>\n<p>Mission Belle<\/p>\n<p><strong>Mots de Mile End<\/strong><br \/>\n<em><strong>Papiers<\/strong><\/em><\/p>\n<ul>\n<li><a href=\"https:\/\/www.mileendmission.org\/doc\/pdf\/acceptance_by_claude_bil.pdf\" target=\"_blank\">Acceptance: By Claude<\/a><\/li>\n<li><a href=\"https:\/\/www.mileendmission.org\/doc\/pdf\/discussion_diabetes_poverty_en.pdf\" target=\"_blank\">Discussion: Diabetes-Poverty<\/a><\/li>\n<li><a href=\"https:\/\/www.mileendmission.org\/doc\/pdf\/news_la_gratitude_bil.pdf\" target=\"_blank\">News: La Gratitude &#8211; T.E.<\/a><\/li>\n<li><a href=\"https:\/\/www.mileendmission.org\/doc\/pdf\/poem_by_allan_brewer_bil.pdf\" target=\"_blank\">Poem: by Allan Brewer<\/a><\/li>\n<\/ul>\n<p>[\/vc_column_text][\/vc_column][\/vc_row]<\/p>\n<\/div>","protected":false},"excerpt":{"rendered":"<p>[vc_row][vc_column][vc_column_text]Chronique de Mission Belle, th\u00e9rapeute f\u00e9lin de la Mission Mile-End Comme je suis f\u00e9line, sensitive, orgueilleuse et proche des gens, j&rsquo;ai envie dans cette chronique de vous parler des grandes [&hellip;]<\/p>\n","protected":false},"author":2,"featured_media":0,"parent":0,"menu_order":0,"comment_status":"closed","ping_status":"closed","template":"","meta":{"footnotes":""},"class_list":["post-99","page","type-page","status-publish","hentry"],"_links":{"self":[{"href":"https:\/\/www.mileendmission.org\/fr\/wp-json\/wp\/v2\/pages\/99","targetHints":{"allow":["GET"]}}],"collection":[{"href":"https:\/\/www.mileendmission.org\/fr\/wp-json\/wp\/v2\/pages"}],"about":[{"href":"https:\/\/www.mileendmission.org\/fr\/wp-json\/wp\/v2\/types\/page"}],"author":[{"embeddable":true,"href":"https:\/\/www.mileendmission.org\/fr\/wp-json\/wp\/v2\/users\/2"}],"replies":[{"embeddable":true,"href":"https:\/\/www.mileendmission.org\/fr\/wp-json\/wp\/v2\/comments?post=99"}],"version-history":[{"count":1,"href":"https:\/\/www.mileendmission.org\/fr\/wp-json\/wp\/v2\/pages\/99\/revisions"}],"predecessor-version":[{"id":3194,"href":"https:\/\/www.mileendmission.org\/fr\/wp-json\/wp\/v2\/pages\/99\/revisions\/3194"}],"wp:attachment":[{"href":"https:\/\/www.mileendmission.org\/fr\/wp-json\/wp\/v2\/media?parent=99"}],"curies":[{"name":"wp","href":"https:\/\/api.w.org\/{rel}","templated":true}]}}